{"id":595,"date":"2020-06-28T14:07:17","date_gmt":"2020-06-28T20:07:17","guid":{"rendered":"https:\/\/www.colegiosansebastian.edu.gt\/?page_id=595"},"modified":"2024-08-05T17:07:26","modified_gmt":"2024-08-05T23:07:26","slug":"somos","status":"publish","type":"page","link":"https:\/\/www.colegiosansebastian.edu.gt\/?page_id=595","title":{"rendered":"Quienes Somos"},"content":{"rendered":"<\/div><\/div><\/div><!-- close content main div --><\/div><\/div><div id='av-layout-grid-1' class='av-layout-grid-container entry-content-wrapper main_color av-flex-cells    container_wrap sidebar_right'   >\n<div class=\"flex_cell no_margin av_one_full    \" style='vertical-align:top; padding:00px; background-color:#ffffff; '><div class='flex_cell_inner' ><p><div class='flex_column_table av-equal-height-column-flextable -flextable' ><div class=\"flex_column av_two_fifth  flex_column_table_cell av-equal-height-column av-align-middle first   \" style='padding:0px 0px 0px 0px ; border-radius:0px; '><div class='avia-image-container avia_animated_image avia_animate_when_almost_visible left-to-right av-styling-     avia-align-center '  itemscope=\"itemscope\" itemtype=\"https:\/\/schema.org\/ImageObject\"  ><div class='avia-image-container-inner'><img class='avia_image ' src='https:\/\/i0.wp.com\/www.colegiosansebastian.edu.gt\/wp-content\/uploads\/2024\/08\/Sprint2.1-Referencia-v2-Nosotros.png?fit=1083%2C1050&ssl=1' alt='' title=''   itemprop=\"thumbnailUrl\"  \/><\/div><\/div><\/div><\/div><!--close column table wrapper. Autoclose: 1 --><div class='flex_column_table av-equal-height-column-flextable -flextable' ><div class='av-flex-placeholder'><\/div><div class=\"flex_column av_two_fifth  flex_column_table_cell av-equal-height-column av-align-middle    \" style='padding:0px 30px 0px 0px ; border-radius:0px; '><div class='avia-image-container avia_animated_image avia_animate_when_almost_visible right-to-left av-styling-     avia-align-center '  itemscope=\"itemscope\" itemtype=\"https:\/\/schema.org\/ImageObject\"  ><div class='avia-image-container-inner'><img class='avia_image ' src='https:\/\/i0.wp.com\/www.colegiosansebastian.edu.gt\/wp-content\/uploads\/2020\/07\/San-Sebasti%C3%A1n.jpg?fit=828%2C840&ssl=1' alt='' title='San-Sebasti\u00e1n'   itemprop=\"thumbnailUrl\"  \/><\/div><\/div><\/div><\/div><!--close column table wrapper. Autoclose: 1 --><\/p>\n<\/div><\/div><\/div><\/div><\/div><\/div><!-- close content main div --><\/div><\/div><div id='av-layout-grid-2' class='av-layout-grid-container entry-content-wrapper main_color av-flex-cells    container_wrap sidebar_right'   >\n<div class=\"flex_cell no_margin av_one_full   av-zero-padding \" style='vertical-align:top; padding:0px; '><div class='flex_cell_inner' ><div class='avia-image-container  av-styling-    avia-align-center '  itemscope=\"itemscope\" itemtype=\"https:\/\/schema.org\/ImageObject\"  ><div class='avia-image-container-inner'><img class='avia_image ' src='https:\/\/i0.wp.com\/www.colegiosansebastian.edu.gt\/wp-content\/uploads\/2020\/06\/t%C3%ADtulo.png?fit=1995%2C583&ssl=1' alt='' title=''   itemprop=\"thumbnailUrl\"  \/><\/div><\/div>\n<\/div><\/div>\n<\/div><\/p>\n<\/div><\/div><\/div><!-- close content main div --><\/div><\/div><div id='av-layout-grid-3' class='av-layout-grid-container entry-content-wrapper main_color av-flex-cells    container_wrap sidebar_right'   >\n<div class=\"flex_cell no_margin av_one_full    \" style='vertical-align:middle; padding:30px; '><div class='flex_cell_inner' ><p><div class='flex_column_table av-equal-height-column-flextable -flextable' ><div class=\"flex_column av_one_half  no_margin flex_column_table_cell av-equal-height-column av-align-middle first   \" style='padding:0px 60px 0px 60px ; border-radius:0px; '><section class=\"av_textblock_section \"  itemscope=\"itemscope\" itemtype=\"https:\/\/schema.org\/CreativeWork\" ><div class='avia_textblock  '   itemprop=\"text\" ><h1><span style=\"color: #333333;\">SOLICITUD DE EMPLEO<\/span><\/h1>\n<hr \/>\n<p class=\"font_8\"><span style=\"color: #333333;\">Quieres ser parte de la familia San Sebasti\u00e1n, una nueva etapa profesional puede abrirte un ciclo impregnado de valores, espiritualidad\u00a0 y amor a Dios, en compa\u00f1\u00eda de nuestro equipo educador, alumnos y padres de familia. <\/span><\/p>\n<p class=\"font_8\"><span style=\"color: #333333;\">Seremos portadores para nuestra sociedad de un sello caracter\u00edstico, producto de la esencia formativa del Colegio.<\/span><\/p>\n<p class=\"font_8\"><span style=\"color: #333333;\"><span class=\"wixGuard\">\u200b<\/span>Si est\u00e1s interesado en formar parte de nuestro equipo educador, descarga la Solicitud de Empleo en el bot\u00f3n de abajo, ll\u00e9nala y env\u00edala junto a tu hoja de vida al siguiente correo electr\u00f3nico: <\/span><\/p>\n<p class=\"font_8\"><span style=\"color: #333333;\"><span style=\"color: #3366ff;\"><a style=\"color: #3366ff;\" href=\"mailto:empleo@colegiosansebastian.edu.gt\" target=\"_self\" data-content=\"cmar\u00edn@uejavier.com\" data-type=\"mail\" rel=\"noopener\">empleos@colegiosansebastian.edu.gt<\/a><\/span><\/span><\/p>\n<\/div><\/section><\/div><\/div><!--close column table wrapper. Autoclose: 1 --><div class='flex_column_table av-equal-height-column-flextable -flextable' ><div class=\"flex_column av_two_fifth  no_margin flex_column_table_cell av-equal-height-column av-align-middle av-zero-column-padding   \" style='border-radius:0px; '><div class='avia-image-container avia_animated_image avia_animate_when_almost_visible fade-in av-styling-     avia-align-center '  itemscope=\"itemscope\" itemtype=\"https:\/\/schema.org\/ImageObject\"  ><div class='avia-image-container-inner'><img class='avia_image ' src='https:\/\/i0.wp.com\/www.colegiosansebastian.edu.gt\/wp-content\/uploads\/2020\/07\/Claustro-Maestros.png?fit=540%2C368&ssl=1' alt='' title=''   itemprop=\"thumbnailUrl\"  \/><\/div><\/div><\/div><\/div><!--close column table wrapper. Autoclose: 1 --><\/p>\n<\/div><\/div>\n<\/div>\n<\/div><\/div><\/div><!-- close content main div --><\/div><\/div><div id='av_section_1' class='avia-section main_color avia-section-default avia-no-shadow avia-bg-style-scroll   container_wrap sidebar_right'   ><div class='container' ><div class='template-page content  av-content-small alpha units'><div class='post-entry post-entry-type-page post-entry-595'><div class='entry-content-wrapper clearfix'>\n<div class=\"flex_column av_one_third  flex_column_div av-zero-column-padding first  \" style='border-radius:0px; '><section class=\"av_textblock_section \"  itemscope=\"itemscope\" itemtype=\"https:\/\/schema.org\/CreativeWork\" ><div class='avia_textblock  '  style='font-size:14px; '  itemprop=\"text\" ><h4>INSTRUCCIONES PARA DESCARGAR Y VISUALIZAR CORRECTAMENTE LA SOLICITUD DE EMPLEO<\/h4>\n<p><span style=\"color: #333333;\">Algunos navegadores m\u00e1s recientes (chrome, edge, opera, firefox, etc.) ahora tienen la capacidad de abrir y ver archivos PDF, sin embargo en algunos casos realizan la carga inadecuada del contenido generando problemas de visualizaci\u00f3n o desplazamiento del documento, para solucionar esto sigue las instrucciones siguientes \u2192<\/span><\/p>\n<\/div><\/section><\/div><div class=\"flex_column av_one_third  flex_column_div av-zero-column-padding   \" style='border-radius:0px; '><section class=\"av_textblock_section \"  itemscope=\"itemscope\" itemtype=\"https:\/\/schema.org\/CreativeWork\" ><div class='avia_textblock  '  style='font-size:14px; '  itemprop=\"text\" ><h5>Soluci\u00f3n:<\/h5>\n<ol>\n<li><span style=\"color: #333333;\">Presiona el bot\u00f3n DESCARGAR SOLICITUD DE EMPLEO.<\/span><\/li>\n<li><span style=\"color: #333333;\">El documento se abrir\u00e1 en otra ventana del navegador.<\/span><\/li>\n<li><span style=\"color: #333333;\">Presiona el bot\u00f3n Descargar o Guardar que aparece en la parte superior derecha del navegador y selecciona el lugar donde deseas guardarlo (directorio, disco duro, usb, etc).<\/span><\/li>\n<li><span style=\"color: #333333;\">Descarga el programa Foxit Reader (gratis) en este enlace<\/span> <a href=\"https:\/\/www.foxitsoftware.com\/es-la\/pdf-reader\/#\"><span style=\"color: #3366ff;\">descargar Foxit<\/span> <span style=\"color: #3366ff;\">Reader<\/span><\/a><span style=\"color: #3366ff;\">.<\/span><\/li>\n<li><span style=\"color: #333333;\">Instala el programa Foxit Reader en tu computadora (doble clic en el archivo descargado).<\/span><\/li>\n<li><span style=\"color: #333333;\">Ejecuta el programa Foxit Reader.<\/span><\/li>\n<li><span style=\"color: #333333;\">Abre la Solicitud de Empleo v2.1.pdf (Selecciona Men\u00fa Archivo &#8211; Abrir).<\/span><\/li>\n<li><span style=\"color: #333333;\">Rellena la Solicitud de Empleo.<\/span><\/li>\n<li><span style=\"color: #333333;\">Guarda el documento (Selecciona Men\u00fa Archivo &#8211; Guardar).<\/span><\/li>\n<\/ol>\n<\/div><\/section><\/div><div class=\"flex_column av_one_third  flex_column_div    \" style='padding:30px 0px 0px 0px ; border-radius:0px; '><div class='avia-button-wrap avia-button-center  '><a href='https:\/\/www.colegiosansebastian.edu.gt\/wp-content\/uploads\/2020\/07\/S2-Solicitud-de-Empleo-CSS-2020-v2.1.pdf' class='avia-button av-icon-on-hover  avia-icon_select-yes-right-icon avia-color-red avia-size-medium avia-position-center '  target=\"_blank\"   ><span class='avia_iconbox_title' >DESCARGAR SOLICITUD DE EMPLEO<\/span><span class='avia_button_icon avia_button_icon_right' aria-hidden='true' data-av_icon='\ue87f' data-av_iconfont='entypo-fontello'><\/span><\/a><\/div><\/div>\n<\/div><\/div><\/div><!-- close content main div --><\/div><\/div><div id='after_section_1' class='main_color av_default_container_wrap container_wrap sidebar_right'   ><div class='container' ><div class='template-page content  av-content-small alpha units'><div class='post-entry post-entry-type-page post-entry-595'><div class='entry-content-wrapper clearfix'>\n","protected":false},"excerpt":{"rendered":"","protected":false},"author":1,"featured_media":0,"parent":0,"menu_order":0,"comment_status":"closed","ping_status":"closed","template":"","meta":{"bgseo_title":"","bgseo_description":"","bgseo_robots_index":"index","bgseo_robots_follow":"follow","_exactmetrics_skip_tracking":false,"_exactmetrics_sitenote_active":false,"_exactmetrics_sitenote_note":"","_exactmetrics_sitenote_category":0,"footnotes":""},"class_list":["post-595","page","type-page","status-publish","hentry"],"jetpack_sharing_enabled":true,"_links":{"self":[{"href":"https:\/\/www.colegiosansebastian.edu.gt\/index.php?rest_route=\/wp\/v2\/pages\/595","targetHints":{"allow":["GET"]}}],"collection":[{"href":"https:\/\/www.colegiosansebastian.edu.gt\/index.php?rest_route=\/wp\/v2\/pages"}],"about":[{"href":"https:\/\/www.colegiosansebastian.edu.gt\/index.php?rest_route=\/wp\/v2\/types\/page"}],"author":[{"embeddable":true,"href":"https:\/\/www.colegiosansebastian.edu.gt\/index.php?rest_route=\/wp\/v2\/users\/1"}],"replies":[{"embeddable":true,"href":"https:\/\/www.colegiosansebastian.edu.gt\/index.php?rest_route=%2Fwp%2Fv2%2Fcomments&post=595"}],"version-history":[{"count":59,"href":"https:\/\/www.colegiosansebastian.edu.gt\/index.php?rest_route=\/wp\/v2\/pages\/595\/revisions"}],"predecessor-version":[{"id":2251,"href":"https:\/\/www.colegiosansebastian.edu.gt\/index.php?rest_route=\/wp\/v2\/pages\/595\/revisions\/2251"}],"wp:attachment":[{"href":"https:\/\/www.colegiosansebastian.edu.gt\/index.php?rest_route=%2Fwp%2Fv2%2Fmedia&parent=595"}],"curies":[{"name":"wp","href":"https:\/\/api.w.org\/{rel}","templated":true}]}}