{"id":339,"date":"2020-06-26T18:36:20","date_gmt":"2020-06-26T18:36:20","guid":{"rendered":"https:\/\/www.colegiosansebastian.edu.gt\/?page_id=339"},"modified":"2022-09-29T11:34:11","modified_gmt":"2022-09-29T17:34:11","slug":"actividades","status":"publish","type":"page","link":"https:\/\/www.colegiosansebastian.edu.gt\/?page_id=339","title":{"rendered":"Actividades Acad\u00e9micas"},"content":{"rendered":"<\/div><\/div><\/div><!-- close content main div --><\/div><\/div><div id='av-layout-grid-1' class='av-layout-grid-container entry-content-wrapper main_color av-flex-cells     container_wrap sidebar_right'   >\n<div class=\"flex_cell no_margin av_one_full    av-zero-padding \" style='vertical-align:top; padding:0px; '><div class='flex_cell_inner' ><div class='avia-image-container  av-styling-     avia-align-center '  itemscope=\"itemscope\" itemtype=\"https:\/\/schema.org\/ImageObject\"  ><div class='avia-image-container-inner'><img class='avia_image ' src='https:\/\/i0.wp.com\/www.colegiosansebastian.edu.gt\/wp-content\/uploads\/2020\/07\/actividades-academicas-header.png?fit=1995%2C398&ssl=1' alt='' title=''   itemprop=\"thumbnailUrl\"  \/><\/div><\/div>\n<\/div><\/div>\n<\/div>\n<\/div><\/div><\/div><!-- close content main div --><\/div><\/div><div id='av-layout-grid-2' class='av-layout-grid-container entry-content-wrapper main_color av-flex-cells    container_wrap sidebar_right'   >\n<div class=\"flex_cell no_margin av_one_full    \" style='vertical-align:top; padding:30px; background-color:#d8d8d8; '><div class='flex_cell_inner' ><p><div class=\"flex_column av_one_full  flex_column_div av-zero-column-padding first  \" style='border-radius:0px; '><section class=\"av_textblock_section \"  itemscope=\"itemscope\" itemtype=\"https:\/\/schema.org\/CreativeWork\" ><div class='avia_textblock  '   itemprop=\"text\" ><h1 style=\"text-align: center;\"><span style=\"color: #3366ff;\">Concurso Escolar de Lectura<br \/>\n\u00abLa Aventura de Leer\u00bb<\/span><\/h1>\n<h2 style=\"text-align: center;\"><span style=\"color: #3366ff;\">Colegio San Sebasti\u00e1n<\/span><\/h2>\n<\/div><\/section><\/div><div class=\"flex_column av_one_full  no_margin flex_column_div first   \" style='padding:20px 30px 30px 60px ; border-radius:0px; '><section class=\"av_textblock_section \"  itemscope=\"itemscope\" itemtype=\"https:\/\/schema.org\/CreativeWork\" ><div class='avia_textblock  '  style='font-size:18px; '  itemprop=\"text\" ><table class=\"wp-list-table widefat fixed striped table-view-list posts\">\n<tbody id=\"the-list\">\n<tr id=\"post-2036\" class=\"iedit author-self level-0 post-2036 type-dflip status-publish hentry\">\n<td class=\"shortcode column-shortcode\" style=\"text-align: center;\" data-colname=\"Shortcode\"><code><div class=\"_df_book df-lite\" id=\"df_2036\"  _slug=\"concurso-escolar-de-lectura\" data-title=\"concurso-escolar-de-lectura\" wpoptions=\"true\" thumb=\"https:\/\/www.colegiosansebastian.edu.gt\/wp-content\/uploads\/2022\/09\/CONCURSO-DE-LECTURA-2022-1.pdf\" thumbtype=\"\" ><\/div><script class=\"df-shortcode-script\" nowprocket type=\"application\/javascript\">window.option_df_2036 = {\"outline\":[],\"autoEnableOutline\":\"false\",\"autoEnableThumbnail\":\"false\",\"overwritePDFOutline\":\"false\",\"enableDownload\":\"false\",\"direction\":\"1\",\"pageSize\":\"0\",\"source\":\"https:\\\/\\\/www.colegiosansebastian.edu.gt\\\/wp-content\\\/uploads\\\/2022\\\/09\\\/CONCURSO-DE-LECTURA-2022.pdf\",\"wpOptions\":\"true\"}; if(window.DFLIP && window.DFLIP.parseBooks){window.DFLIP.parseBooks();}<\/script><\/code><\/td>\n<\/tr>\n<\/tbody>\n<\/table>\n<\/div><\/section><\/div><\/p>\n<\/div><\/div><\/div><\/div><\/div><\/div><!-- close content main div --><\/div><\/div><div id='av-layout-grid-3' class='av-layout-grid-container entry-content-wrapper main_color av-flex-cells    container_wrap sidebar_right'   >\n<div class=\"flex_cell no_margin av_one_full   \" ><div class='flex_cell_inner' ><p><div class=\"flex_column av_one_full  flex_column_div av-zero-column-padding first  \" style='border-radius:0px; '><section class=\"av_textblock_section \"  itemscope=\"itemscope\" itemtype=\"https:\/\/schema.org\/CreativeWork\" ><div class='avia_textblock  '   itemprop=\"text\" ><h1 style=\"text-align: center;\"><span style=\"color: #3366ff;\">Congreso Estudiantil de Ciencias Sociales<\/span><\/h1>\n<h2 style=\"text-align: center;\"><span style=\"color: #3366ff;\">Colegio Monte Mar\u00eda<\/span><\/h2>\n<\/div><\/section><\/div><div class=\"flex_column av_one_half  no_margin flex_column_div first   \" style='padding:20px 30px 30px 60px ; border-radius:0px; '><section class=\"av_textblock_section \"  itemscope=\"itemscope\" itemtype=\"https:\/\/schema.org\/CreativeWork\" ><div class='avia_textblock  '  style='font-size:18px; '  itemprop=\"text\" ><p><span style=\"color: #333333;\">Anualmente el colegio Monte Mar\u00eda realiza un Congreso Estudiantil en Ciencias Sociales, en donde los j\u00f3venes de diferentes instituciones educativas comparten su visi\u00f3n de la sociedad guatemalteca. Nosotros como instituci\u00f3n educativa llevamos ya varios a\u00f1os participando en el mismo.\u00a0<\/span><\/p>\n<p><span style=\"color: #333333;\">2019 no fue la excepci\u00f3n. Logramos \u00a0conformar una delegaci\u00f3n integrada por veinte estudiantes de diversos grados desde 3ro. B\u00e1sico hasta 5to. Bachillerato, quienes a lo largo de varias semanas estuvieron prepar\u00e1ndose, 8 de ellos presentaron sus propuestas de ensayos sobre las tem\u00e1ticas relacionadas a las Ciencias Sociales, la historia nacional, la geopol\u00edtica y la actualidad mundial seg\u00fan las bases del congreso. <\/span><\/p>\n<p><span style=\"color: #333333;\">Con dos j\u00f3venes llevamos a cabo un proceso arduo en el que adem\u00e1s de escribir un ensayo en donde plasmaron sus ideas, impresiones y propuestas, presentaron ponencias, siendo esto un primer acercamiento para lo que a futuro podr\u00eda ser parte de una carrera de investigaci\u00f3n y desarrollo dentro del \u00e1rea. <\/span><\/p>\n<p><span style=\"color: #333333;\">As\u00ed mismo exhibimos trabajos en ramas del arte como pintura, dibujo y fotograf\u00eda obteniendo un segundo lugar en este \u00faltimo.<\/span><\/p>\n<p><span style=\"color: #333333;\">La experiencia ha sido enriquecedora tanto acad\u00e9micamente como socialmente ya que hemos tenido una amplia representaci\u00f3n en este encuentro, hemos generado amistades, momentos de esparcimiento, alegr\u00eda y un v\u00ednculo entre ambos establecimientos educativos.\u00a0<\/span><\/p>\n<\/div><\/section><\/div><div class=\"flex_column av_one_half  no_margin flex_column_div av-zero-column-padding   \" style='border-radius:0px; '><p><div class='avia-image-container avia_animated_image avia_animate_when_almost_visible right-to-left av-styling-     avia-align-center '  itemscope=\"itemscope\" itemtype=\"https:\/\/schema.org\/ImageObject\"  ><div class='avia-image-container-inner'><img class='avia_image ' src='https:\/\/i0.wp.com\/www.colegiosansebastian.edu.gt\/wp-content\/uploads\/2020\/07\/Ciencias-Sociales-Colegio-Monte-Mar%C3%ADa1.png?fit=844%2C500&ssl=1' alt='' title=''   itemprop=\"thumbnailUrl\"  \/><\/div><\/div><br \/>\n<div class='avia-image-container avia_animated_image avia_animate_when_almost_visible right-to-left av-styling-     avia-align-center '  itemscope=\"itemscope\" itemtype=\"https:\/\/schema.org\/ImageObject\"  ><div class='avia-image-container-inner'><img class='avia_image ' src='https:\/\/i0.wp.com\/www.colegiosansebastian.edu.gt\/wp-content\/uploads\/2020\/07\/Ciencias-Sociales-Colegio-Monte-Mar%C3%ADa2.png?fit=694%2C500&ssl=1' alt='' title=''   itemprop=\"thumbnailUrl\"  \/><\/div><\/div><\/p><\/div><\/p>\n<\/div><\/div>\n<\/div><\/p>\n<\/div><\/div><\/div><!-- close content main div --><\/div><\/div><div id='av-layout-grid-4' class='av-layout-grid-container entry-content-wrapper main_color av-flex-cells    container_wrap sidebar_right'   >\n<div class=\"flex_cell no_margin av_one_full    \" style='vertical-align:top; padding:30px; background-color:#d8d8d8; '><div class='flex_cell_inner' ><p><div class=\"flex_column av_one_full  flex_column_div av-zero-column-padding first  \" style='border-radius:0px; '><section class=\"av_textblock_section \"  itemscope=\"itemscope\" itemtype=\"https:\/\/schema.org\/CreativeWork\" ><div class='avia_textblock  '   itemprop=\"text\" ><h1 style=\"text-align: center;\"><span style=\"color: #3366ff;\">Foro-Debate Estudiantil<\/span><\/h1>\n<h2 style=\"text-align: center;\"><span style=\"color: #3366ff;\">Colegio Sagrado Coraz\u00f3n\u00a0<\/span><\/h2>\n<\/div><\/section><\/div><div class='flex_column_table av-equal-height-column-flextable -flextable' ><div class=\"flex_column av_one_half  no_margin flex_column_table_cell av-equal-height-column av-align-top first   \" style='padding:30px 30px 30px 60px ; border-radius:0px; '><section class=\"av_textblock_section \"  itemscope=\"itemscope\" itemtype=\"https:\/\/schema.org\/CreativeWork\" ><div class='avia_textblock  '  style='font-size:18px; '  itemprop=\"text\" ><h4><span style=\"color: #3366ff;\">Campus Centro Hist\u00f3rico<\/span><\/h4>\n<p><span style=\"color: #333333;\">Una ma\u00f1ana de contraposici\u00f3n de ideas y sobre todo aprendizaje, se vivi\u00f3 el 27 de mayo en el Colegio Sagrado Coraz\u00f3n, del Centro Hist\u00f3rico. El tema eje que se discuti\u00f3 fue \u00abDale like a la paz\u00bb. <\/span><\/p>\n<p><span style=\"color: #333333;\">La participaci\u00f3n de nuestro colegio result\u00f3 distinguida, ya que el mensaje fue claro: \u00abUtilizar la pol\u00edtica para hacer el bien y edificar a la sociedad. Desarrollar un pensamiento cr\u00edtico, reflexivo y propositivo en los estudiantes, es una responsabilidad del Colegio\u00bb.<\/span><\/p>\n<p><img data-recalc-dims=\"1\" loading=\"lazy\" decoding=\"async\" class=\"aligncenter size-full wp-image-1314\" src=\"https:\/\/i0.wp.com\/www.colegiosansebastian.edu.gt\/wp-content\/uploads\/2020\/07\/foro-scj-centro-civico.png?resize=536%2C407&#038;ssl=1\" alt=\"\" width=\"536\" height=\"407\" srcset=\"https:\/\/i0.wp.com\/www.colegiosansebastian.edu.gt\/wp-content\/uploads\/2020\/07\/foro-scj-centro-civico.png?w=536&amp;ssl=1 536w, https:\/\/i0.wp.com\/www.colegiosansebastian.edu.gt\/wp-content\/uploads\/2020\/07\/foro-scj-centro-civico.png?resize=300%2C228&amp;ssl=1 300w, https:\/\/i0.wp.com\/www.colegiosansebastian.edu.gt\/wp-content\/uploads\/2020\/07\/foro-scj-centro-civico.png?resize=450%2C342&amp;ssl=1 450w\" sizes=\"auto, (max-width: 536px) 100vw, 536px\" \/><\/p>\n<\/div><\/section><\/div><\/div><!--close column table wrapper. Autoclose: 1 --><div class='flex_column_table av-equal-height-column-flextable -flextable' ><div class=\"flex_column av_one_half  no_margin flex_column_table_cell av-equal-height-column av-align-top    \" style='padding:30px 60px 0px 30px ; border-radius:0px; '><section class=\"av_textblock_section \"  itemscope=\"itemscope\" itemtype=\"https:\/\/schema.org\/CreativeWork\" ><div class='avia_textblock  '  style='font-size:18px; '  itemprop=\"text\" ><h4><span style=\"color: #3366ff;\">Campus El Naranjo<\/span><\/h4>\n<p><span style=\"color: #333333;\">El 30 de mayo, en las instalaciones del Sagrado Coraz\u00f3n, El Naranjo, se discuti\u00f3 el tema eje \u00abLa Paz para vivir y El Amor para servir\u00bb. La delegaci\u00f3n de nuestros alumnos expresaron \u00abque la paz puede ser individual al expresar y vivir con libertad sin da\u00f1ar al otro; la paz con el pr\u00f3jimo, en donde el respeto y el bien colectivo debe prevalecer\u00bb.<\/span><\/p>\n<p><span style=\"color: #333333;\">Participar en estas actividades promueven otros espacios de aprendizaje. Nuestros alumnos se preparan no solamente en el sal\u00f3n de clases, sino con el apoyo y asesor\u00eda de nuestros maestros.<\/span><\/p>\n<p><img data-recalc-dims=\"1\" loading=\"lazy\" decoding=\"async\" class=\"aligncenter size-full wp-image-1315\" src=\"https:\/\/i0.wp.com\/www.colegiosansebastian.edu.gt\/wp-content\/uploads\/2020\/07\/foro-scj-naranjo.png?resize=536%2C401&#038;ssl=1\" alt=\"\" width=\"536\" height=\"401\" srcset=\"https:\/\/i0.wp.com\/www.colegiosansebastian.edu.gt\/wp-content\/uploads\/2020\/07\/foro-scj-naranjo.png?w=536&amp;ssl=1 536w, https:\/\/i0.wp.com\/www.colegiosansebastian.edu.gt\/wp-content\/uploads\/2020\/07\/foro-scj-naranjo.png?resize=300%2C224&amp;ssl=1 300w, https:\/\/i0.wp.com\/www.colegiosansebastian.edu.gt\/wp-content\/uploads\/2020\/07\/foro-scj-naranjo.png?resize=450%2C337&amp;ssl=1 450w\" sizes=\"auto, (max-width: 536px) 100vw, 536px\" \/><\/p>\n<\/div><\/section><\/div><\/div><!--close column table wrapper. Autoclose: 1 --><\/p>\n<\/div><\/div>\n<\/div>\n<\/div><\/div><\/div><!-- close content main div --><\/div><\/div><div id='av-layout-grid-5' class='av-layout-grid-container entry-content-wrapper main_color av-flex-cells    container_wrap sidebar_right'   >\n<div class=\"flex_cell no_margin av_one_full    \" style='vertical-align:top; padding:30px; '><div class='flex_cell_inner' ><p><div class=\"flex_column av_one_half  no_margin flex_column_div first   \" style='padding:20px 30px 30px 60px ; border-radius:0px; '><section class=\"av_textblock_section \"  itemscope=\"itemscope\" itemtype=\"https:\/\/schema.org\/CreativeWork\" ><div class='avia_textblock  '  style='font-size:18px; '  itemprop=\"text\" ><h1><span style=\"color: #3366ff;\">Feria Cient\u00edfica<\/span><\/h1>\n<p><span style=\"color: #333333;\">Todos los a\u00f1os nuestro colegio dedica un d\u00eda para realizar la Feria Cient\u00edfica. El trabajo inicia con la preparaci\u00f3n en las asignaturas del \u00e1rea cient\u00edfica de los diversos experimentos\u00a0 y actividades que los alumnos van a presentar.\u00a0 <\/span><\/p>\n<p><span style=\"color: #333333;\">Lo m\u00e1s importante es verificar que en cada actividad se aplique el m\u00e9todo cient\u00edfico y en clase se prepare la descripci\u00f3n del mismo. <\/span><\/p>\n<p><span style=\"color: #333333;\">El d\u00eda de la presentaci\u00f3n, los grupos explican una s\u00edntesis del experimento a la vez que realizan una demostraci\u00f3n y evidencian la veracidad o falsedad de las hip\u00f3tesis. <\/span><\/p>\n<p><span style=\"color: #333333;\">Ademas de ser una experiencia de mucho aprendizaje, los alumnos se involucran en el proceso de plantear una investigaci\u00f3n, formular sus hip\u00f3tesis y comprobarlas.<\/span><\/p>\n<\/div><\/section><\/div><div class=\"flex_column av_one_half  no_margin flex_column_div av-zero-column-padding   \" style='border-radius:0px; '><div class='avia-image-container avia_animated_image avia_animate_when_almost_visible right-to-left av-styling-     avia-align-center '  itemscope=\"itemscope\" itemtype=\"https:\/\/schema.org\/ImageObject\"  ><div class='avia-image-container-inner'><img class='avia_image ' src='https:\/\/i0.wp.com\/www.colegiosansebastian.edu.gt\/wp-content\/uploads\/2020\/07\/feria-cientica.png?fit=466%2C427&ssl=1' alt='' title=''   itemprop=\"thumbnailUrl\"  \/><\/div><\/div><\/div><\/p>\n<\/div><\/div>\n<\/div>\n","protected":false},"excerpt":{"rendered":"","protected":false},"author":1,"featured_media":0,"parent":0,"menu_order":0,"comment_status":"closed","ping_status":"closed","template":"","meta":{"bgseo_title":"","bgseo_description":"","bgseo_robots_index":"index","bgseo_robots_follow":"follow","_exactmetrics_skip_tracking":false,"_exactmetrics_sitenote_active":false,"_exactmetrics_sitenote_note":"","_exactmetrics_sitenote_category":0,"footnotes":""},"class_list":["post-339","page","type-page","status-publish","hentry"],"jetpack_sharing_enabled":true,"_links":{"self":[{"href":"https:\/\/www.colegiosansebastian.edu.gt\/index.php?rest_route=\/wp\/v2\/pages\/339","targetHints":{"allow":["GET"]}}],"collection":[{"href":"https:\/\/www.colegiosansebastian.edu.gt\/index.php?rest_route=\/wp\/v2\/pages"}],"about":[{"href":"https:\/\/www.colegiosansebastian.edu.gt\/index.php?rest_route=\/wp\/v2\/types\/page"}],"author":[{"embeddable":true,"href":"https:\/\/www.colegiosansebastian.edu.gt\/index.php?rest_route=\/wp\/v2\/users\/1"}],"replies":[{"embeddable":true,"href":"https:\/\/www.colegiosansebastian.edu.gt\/index.php?rest_route=%2Fwp%2Fv2%2Fcomments&post=339"}],"version-history":[{"count":13,"href":"https:\/\/www.colegiosansebastian.edu.gt\/index.php?rest_route=\/wp\/v2\/pages\/339\/revisions"}],"predecessor-version":[{"id":2041,"href":"https:\/\/www.colegiosansebastian.edu.gt\/index.php?rest_route=\/wp\/v2\/pages\/339\/revisions\/2041"}],"wp:attachment":[{"href":"https:\/\/www.colegiosansebastian.edu.gt\/index.php?rest_route=%2Fwp%2Fv2%2Fmedia&parent=339"}],"curies":[{"name":"wp","href":"https:\/\/api.w.org\/{rel}","templated":true}]}}