{"id":337,"date":"2020-06-26T18:35:43","date_gmt":"2020-06-27T00:35:43","guid":{"rendered":"https:\/\/www.colegiosansebastian.edu.gt\/?page_id=337"},"modified":"2023-07-20T14:31:38","modified_gmt":"2023-07-20T20:31:38","slug":"psicopedagogia","status":"publish","type":"page","link":"https:\/\/www.colegiosansebastian.edu.gt\/?page_id=337","title":{"rendered":"Psicopedagog\u00eda"},"content":{"rendered":"<\/div><\/div><\/div><!-- close content main div --><\/div><\/div><div id='av-layout-grid-1' class='av-layout-grid-container entry-content-wrapper main_color av-flex-cells    container_wrap sidebar_right'   >\n<div class=\"flex_cell no_margin av_one_full    \" style='vertical-align:top; padding:00px; '><div class='flex_cell_inner' ><div class='avia-image-container  av-styling-     avia-align-center '  itemscope=\"itemscope\" itemtype=\"https:\/\/schema.org\/ImageObject\"  ><div class='avia-image-container-inner'><img class='avia_image ' src='https:\/\/i0.wp.com\/www.colegiosansebastian.edu.gt\/wp-content\/uploads\/2020\/07\/Psicopedagog%C3%ADa.png?fit=1995%2C398&ssl=1' alt='' title=''   itemprop=\"thumbnailUrl\"  \/><\/div><\/div>\n<\/div><\/div>\n<\/div>\n<\/div><\/div><\/div><!-- close content main div --><\/div><\/div><div id='av-layout-grid-2' class='av-layout-grid-container entry-content-wrapper main_color av-flex-cells     container_wrap sidebar_right'   >\n<div class=\"flex_cell no_margin av_one_full    av-zero-padding \" style='vertical-align:top; padding:0px; '><div class='flex_cell_inner' ><div class=\"flex_column av_one_full  no_margin flex_column_div first   \" style='padding:60px 30px 0px 60px ; border-radius:0px; '><section class=\"av_textblock_section \"  itemscope=\"itemscope\" itemtype=\"https:\/\/schema.org\/CreativeWork\" ><div class='avia_textblock  '  style='font-size:18px; '  itemprop=\"text\" ><div id=\"dflip_post_meta_box_shortcode\" class=\"postbox \">\n<div class=\"inside\">\n<div class=\"dflip-tabs normal-tabs\">\n<h1 style=\"text-align: center;\"><span style=\"color: #3366ff;\"><span class=\"fontstyle0\">La Inteligencia Emocional<\/span><br \/>\n<\/span><\/h1>\n<p style=\"text-align: left;\">Revista Positiva, Enero | 2da Escuela para Padres 2023<\/p>\n<div><\/div>\n<div id=\"dflip-tab-content-normal\" class=\"dflip-tab-content dflip-active\" style=\"text-align: center;\"><div class=\"_df_book df-lite\" id=\"df_2064\"  _slug=\"boletin-informativo-segunda-escuela-para-padres-2023\" data-title=\"boletin-informativo-segunda-escuela-para-padres-2023\" wpoptions=\"true\" thumb=\"https:\/\/www.colegiosansebastian.edu.gt\/wp-content\/uploads\/2023\/07\/Revista-Positiva-Julio.pdf\" thumbtype=\"\" ><\/div><script class=\"df-shortcode-script\" nowprocket type=\"application\/javascript\">window.option_df_2064 = {\"outline\":[],\"autoEnableOutline\":\"false\",\"autoEnableThumbnail\":\"false\",\"overwritePDFOutline\":\"false\",\"enableDownload\":\"false\",\"direction\":\"1\",\"pageSize\":\"0\",\"source\":\"https:\\\/\\\/www.colegiosansebastian.edu.gt\\\/wp-content\\\/uploads\\\/2023\\\/07\\\/Revista-Positiva-Julio.pdf\",\"wpOptions\":\"true\"}; if(window.DFLIP && window.DFLIP.parseBooks){window.DFLIP.parseBooks();}<\/script><\/div>\n<\/div>\n<\/div>\n<\/div>\n<div id=\"submitdiv\" class=\"postbox \">\n<div class=\"postbox-header\">\n<h2 class=\"hndle ui-sortable-handle\"><\/h2>\n<div class=\"handle-actions hide-if-no-js\"><\/div>\n<\/div>\n<\/div>\n<\/div><\/section><\/div>\n<\/div><\/div><\/div><\/div><\/div><\/div><!-- close content main div --><\/div><\/div><div id='av-layout-grid-3' class='av-layout-grid-container entry-content-wrapper main_color av-flex-cells     container_wrap sidebar_right'   >\n<div class=\"flex_cell no_margin av_one_full    av-zero-padding \" style='vertical-align:top; padding:0px; '><div class='flex_cell_inner' ><p><div class=\"flex_column av_one_third  no_margin flex_column_div first   \" style='padding:60px 30px 0px 60px ; border-radius:0px; '><section class=\"av_textblock_section \"  itemscope=\"itemscope\" itemtype=\"https:\/\/schema.org\/CreativeWork\" ><div class='avia_textblock  '  style='font-size:18px; '  itemprop=\"text\" ><div id=\"dflip_post_meta_box_shortcode\" class=\"postbox \">\n<div class=\"inside\">\n<div class=\"dflip-tabs normal-tabs\">\n<h1 style=\"text-align: center;\"><span style=\"color: #3366ff;\"><span class=\"fontstyle0\">Retos y desaf\u00edos de la educaci\u00f3n post-pandemia<\/span><br \/>\n<\/span><\/h1>\n<p style=\"text-align: left;\">Abril, 2023 | 1era Escuela para Padres 2023<\/p>\n<div><\/div>\n<div id=\"dflip-tab-content-normal\" class=\"dflip-tab-content dflip-active\" style=\"text-align: center;\"><div class=\"_df_book df-lite\" id=\"df_2057\"  _slug=\"boletin-informativo-primera-escuela-para-padres-2023\" data-title=\"boletin-informativo-primera-escuela-para-padres-2023\" wpoptions=\"true\" thumb=\"https:\/\/www.colegiosansebastian.edu.gt\/wp-content\/uploads\/2023\/05\/Boletin-informativo-Primera-escuela-para-padres-2023-1.pdf\" thumbtype=\"\" ><\/div><script class=\"df-shortcode-script\" nowprocket type=\"application\/javascript\">window.option_df_2057 = {\"outline\":[],\"autoEnableOutline\":\"false\",\"autoEnableThumbnail\":\"false\",\"overwritePDFOutline\":\"false\",\"enableDownload\":\"false\",\"direction\":\"1\",\"pageSize\":\"0\",\"source\":\"https:\\\/\\\/www.colegiosansebastian.edu.gt\\\/wp-content\\\/uploads\\\/2023\\\/05\\\/Boletin-informativo-Primera-escuela-para-padres-2023.pdf\",\"wpOptions\":\"true\"}; if(window.DFLIP && window.DFLIP.parseBooks){window.DFLIP.parseBooks();}<\/script><\/div>\n<\/div>\n<\/div>\n<\/div>\n<div id=\"submitdiv\" class=\"postbox \">\n<div class=\"postbox-header\">\n<h2 class=\"hndle ui-sortable-handle\"><\/h2>\n<div class=\"handle-actions hide-if-no-js\"><\/div>\n<\/div>\n<\/div>\n<\/div><\/section><\/div><div class=\"flex_column av_one_third  no_margin flex_column_div    \" style='padding:60px 30px 0px 60px ; border-radius:0px; '><section class=\"av_textblock_section \"  itemscope=\"itemscope\" itemtype=\"https:\/\/schema.org\/CreativeWork\" ><div class='avia_textblock  '  style='font-size:18px; '  itemprop=\"text\" ><div id=\"dflip_post_meta_box_shortcode\" class=\"postbox \">\n<div class=\"inside\">\n<div class=\"dflip-tabs normal-tabs\">\n<h1 style=\"text-align: center;\"><span style=\"color: #3366ff;\">Motivaci\u00f3n y Rendimiento Escolar<\/span><\/h1>\n<p style=\"text-align: left;\">Agosto 8, 2022 | Escuela para Padres<\/p>\n<div><\/div>\n<div id=\"dflip-tab-content-normal\" class=\"dflip-tab-content dflip-active\" style=\"text-align: center;\"><code><div class=\"_df_book df-lite\" id=\"df_2029\"  _slug=\"motivacion-y-rendimiento-escolar\" data-title=\"motivacion-y-rendimiento-escolar\" wpoptions=\"true\" thumb=\"https:\/\/www.colegiosansebastian.edu.gt\/wp-content\/uploads\/2022\/03\/nineestudiando.jpg\" thumbtype=\"\" ><\/div><script class=\"df-shortcode-script\" nowprocket type=\"application\/javascript\">window.option_df_2029 = {\"outline\":[],\"autoEnableOutline\":\"false\",\"autoEnableThumbnail\":\"false\",\"overwritePDFOutline\":\"false\",\"enableDownload\":\"false\",\"direction\":\"1\",\"pageSize\":\"0\",\"source\":\"https:\\\/\\\/www.colegiosansebastian.edu.gt\\\/wp-content\\\/uploads\\\/2022\\\/08\\\/Motivacion-y-Rendimeinto-Escolar-material-de-apoyo.pdf\",\"wpOptions\":\"true\"}; if(window.DFLIP && window.DFLIP.parseBooks){window.DFLIP.parseBooks();}<\/script><\/code><\/div>\n<\/div>\n<\/div>\n<\/div>\n<div id=\"submitdiv\" class=\"postbox \">\n<div class=\"postbox-header\">\n<h2 class=\"hndle ui-sortable-handle\"><\/h2>\n<div class=\"handle-actions hide-if-no-js\"><\/div>\n<\/div>\n<\/div>\n<\/div><\/section><\/div><div class=\"flex_column av_one_third  no_margin flex_column_div    \" style='padding:60px 30px 0px 60px ; border-radius:0px; '><section class=\"av_textblock_section \"  itemscope=\"itemscope\" itemtype=\"https:\/\/schema.org\/CreativeWork\" ><div class='avia_textblock  '  style='font-size:18px; '  itemprop=\"text\" ><div id=\"dflip_post_meta_box_shortcode\" class=\"postbox \">\n<div class=\"inside\">\n<div class=\"dflip-tabs normal-tabs\">\n<h1 style=\"text-align: center;\"><span style=\"color: #3366ff;\">Educaci\u00f3n Virtual<\/span><\/h1>\n<p>Marzo 24, 2022 | Escuela para Padres<\/p>\n<div><\/div>\n<div id=\"dflip-tab-content-normal\" class=\"dflip-tab-content dflip-active\" style=\"text-align: center;\"><code><div class=\"_df_book df-lite\" id=\"df_1998\"  _slug=\"habitos-saludables-en-virtualidad\" data-title=\"habitos-saludables-en-virtualidad\" wpoptions=\"true\" thumb=\"https:\/\/www.colegiosansebastian.edu.gt\/wp-content\/uploads\/2022\/03\/nineestudiando.jpg\" thumbtype=\"\" ><\/div><script class=\"df-shortcode-script\" nowprocket type=\"application\/javascript\">window.option_df_1998 = {\"outline\":[],\"autoEnableOutline\":\"false\",\"autoEnableThumbnail\":\"false\",\"overwritePDFOutline\":\"false\",\"enableDownload\":\"false\",\"direction\":\"1\",\"pageSize\":\"0\",\"source\":\"https:\\\/\\\/www.colegiosansebastian.edu.gt\\\/wp-content\\\/uploads\\\/2022\\\/03\\\/Habitos-saludables-en-educacion-virtual.pdf\",\"wpOptions\":\"true\"}; if(window.DFLIP && window.DFLIP.parseBooks){window.DFLIP.parseBooks();}<\/script><\/code><\/div>\n<\/div>\n<\/div>\n<\/div>\n<div id=\"submitdiv\" class=\"postbox \">\n<div class=\"postbox-header\">\n<h2 class=\"hndle ui-sortable-handle\"><\/h2>\n<div class=\"handle-actions hide-if-no-js\"><\/div>\n<\/div>\n<\/div>\n<\/div><\/section><\/div><\/p>\n<\/div><\/div>\n<\/div><\/p>\n<\/div><\/div><\/div><!-- close content main div --><\/div><\/div><div id='av-layout-grid-4' class='av-layout-grid-container entry-content-wrapper main_color av-flex-cells     container_wrap sidebar_right'   >\n<div class=\"flex_cell no_margin av_one_full    av-zero-padding \" style='vertical-align:top; padding:0px; '><div class='flex_cell_inner' ><\/div><\/div>\n<\/div>\n<\/div><\/div><\/div><!-- close content main div --><\/div><\/div><div id='av-layout-grid-5' class='av-layout-grid-container entry-content-wrapper main_color av-flex-cells     container_wrap sidebar_right'   >\n<div class=\"flex_cell no_margin av_one_full    av-zero-padding \" style='vertical-align:top; padding:0px; '><div class='flex_cell_inner' ><p><div class=\"flex_column av_one_half  no_margin flex_column_div first   \" style='padding:60px 30px 0px 60px ; border-radius:0px; '><section class=\"av_textblock_section \"  itemscope=\"itemscope\" itemtype=\"https:\/\/schema.org\/CreativeWork\" ><div class='avia_textblock  '  style='font-size:18px; '  itemprop=\"text\" ><h1><span style=\"color: #3366ff;\"><strong>Escuela para Padres<\/strong><\/span><\/h1>\n<p><span style=\"color: #333333;\">Iniciamos este programa en el a\u00f1o 2015, con el objetivo de promover espacios reflexivos con los padres de familia, sobre la importancia del acompa\u00f1amiento en los procesos de aprendizaje de sus hijos, fortalecer su desarrollo cognitivo, emocional y social; adicionalmente buscamos dotar a nuestros participantes de principios te\u00f3ricos y pr\u00e1cticos para lograr una sana convivencia en casa, la cual se reflejar\u00e1 en el ambiente educativo y nos permitir\u00e1 construir nuevos aprendizajes. \u00a0<\/span><\/p>\n<p><span style=\"color: #333333;\">En este espacio encontrar\u00e1s las grabaciones de las conferencias, fotograf\u00edas del evento, boletines formativos y m\u00e1s. \u00a0<\/span><\/p>\n<p><span style=\"color: #333333;\">Un pilar importante en la realizaci\u00f3n de este programa son nuestros ex alumnos, quienes disertan temas preparados desde su experiencia profesional y personal, entre ellos podemos mencionar:<\/span><\/p>\n<ul>\n<li><span style=\"color: #333333;\">Ingeniero Alex Guzm\u00e1n<\/span><\/li>\n<li><span style=\"color: #333333;\">Licenciado Carlos Mendizabal<\/span><\/li>\n<li><span style=\"color: #333333;\">Licenciado Samuel Ochoa<\/span><\/li>\n<li><span style=\"color: #333333;\">M.A. Jorge Luis Peralta, e<\/span><span style=\"color: #333333;\">ntre otros.<\/span><\/li>\n<\/ul>\n<\/div><\/section><\/div><div class=\"flex_column av_one_half  no_margin flex_column_div    \" style='padding:0px 30px 0px 0px ; border-radius:0px; '><div class='avia-image-container avia_animated_image avia_animate_when_almost_visible right-to-left av-styling-     avia-align-center '  itemscope=\"itemscope\" itemtype=\"https:\/\/schema.org\/ImageObject\"  ><div class='avia-image-container-inner'><img class='avia_image ' src='https:\/\/i0.wp.com\/www.colegiosansebastian.edu.gt\/wp-content\/uploads\/2020\/07\/Escuela-para-Padres.png?fit=795%2C807&ssl=1' alt='' title='Escuela-para-Padres'   itemprop=\"thumbnailUrl\"  \/><\/div><\/div><\/div><\/p>\n<\/div><\/div>\n<\/div>\n<\/div><\/div><\/div><!-- close content main div --><\/div><\/div><div id='progvoc' class='av-layout-grid-container entry-content-wrapper main_color av-flex-cells     container_wrap sidebar_right'   >\n<div class=\"flex_cell no_margin av_one_full    \" style='vertical-align:top; padding:30px 00px 30px 00px ; background-color:#dbdbdb; '><div class='flex_cell_inner' ><p><div class=\"flex_column av_one_half  no_margin flex_column_div first   \" style='padding:30px 30px 0px 60px ; border-radius:0px; '><section class=\"av_textblock_section \"  itemscope=\"itemscope\" itemtype=\"https:\/\/schema.org\/CreativeWork\" ><div class='avia_textblock  '  style='font-size:18px; '  itemprop=\"text\" ><h1><span style=\"color: #3366ff;\"><strong>Programa de Orientaci\u00f3n Vocacional <\/strong><\/span><\/h1>\n<p><span style=\"color: #333333;\">Nuestro departamento de Psicolog\u00eda brinda el acompa\u00f1amiento y orientaci\u00f3n a nuestros alumnos del \u00faltimo a\u00f1o de diversificado, con el fin de que realicen una adecuada elecci\u00f3n de carrera, identificando sus habilidades, intereses y destrezas. \u00a0<\/span><\/p>\n<p><span style=\"color: #333333;\">Iniciamos en el mes de febrero con una conferencia inaugural dirigida por uno de nuestros destacados ex alumnos. Durante todo el a\u00f1o son acompa\u00f1ados por nuestra orientadora escolar, realizando visitas guiadas a las universidades, asignaci\u00f3n de evaluaciones de admisi\u00f3n y participaci\u00f3n en festivales de orientaci\u00f3n vocacional, entre otras actividades.<\/span><\/p>\n<\/div><\/section><\/div><div class=\"flex_column av_one_half  no_margin flex_column_div    \" style='padding:30px 0px 0px 0px ; border-radius:0px; '><div class='avia-image-container avia_animated_image avia_animate_when_almost_visible right-to-left av-styling-     avia-align-left '  itemscope=\"itemscope\" itemtype=\"https:\/\/schema.org\/ImageObject\"  ><div class='avia-image-container-inner'><img class='avia_image ' src='https:\/\/i0.wp.com\/www.colegiosansebastian.edu.gt\/wp-content\/uploads\/2020\/07\/Programa-de-Orientaci%C3%B3n-Vocacional-USAC.png?fit=747%2C389&ssl=1' alt='' title=''   itemprop=\"thumbnailUrl\"  \/><\/div><\/div><\/div><div class=\"flex_column av_one_half  no_margin flex_column_div first   \" style='padding:10px 0px 0px 60px ; border-radius:0px; '><div class='avia-image-container avia_animated_image avia_animate_when_almost_visible right-to-left av-styling-     avia-align-left '  itemscope=\"itemscope\" itemtype=\"https:\/\/schema.org\/ImageObject\"  ><div class='avia-image-container-inner'><img class='avia_image ' src='https:\/\/i0.wp.com\/www.colegiosansebastian.edu.gt\/wp-content\/uploads\/2020\/07\/Orientaci%C3%B3n-San-Sebasti%C3%A1n.png?fit=747%2C389&ssl=1' alt='' title=''   itemprop=\"thumbnailUrl\"  \/><\/div><\/div><\/div><div class=\"flex_column av_one_half  no_margin flex_column_div    \" style='padding:10px 0px 0px 0px ; border-radius:0px; '><div class='avia-image-container avia_animated_image avia_animate_when_almost_visible right-to-left av-styling-     avia-align-left '  itemscope=\"itemscope\" itemtype=\"https:\/\/schema.org\/ImageObject\"  ><div class='avia-image-container-inner'><img class='avia_image ' src='https:\/\/i0.wp.com\/www.colegiosansebastian.edu.gt\/wp-content\/uploads\/2020\/07\/Programa-de-Orientaci%C3%B3n-Vocacional-URL.png?fit=747%2C389&ssl=1' alt='' title=''   itemprop=\"thumbnailUrl\"  \/><\/div><\/div><\/div><\/p>\n<\/div><\/div>\n<\/div>\n<\/div><\/div><\/div><!-- close content main div --><\/div><\/div><div id='av-layout-grid-7' class='av-layout-grid-container entry-content-wrapper main_color av-flex-cells     container_wrap sidebar_right'   >\n<div class=\"flex_cell no_margin av_one_full    \" style='vertical-align:top; padding:30px 0px 30px 0px ; '><div class='flex_cell_inner' ><p><div class=\"flex_column av_one_half  no_margin flex_column_div first   \" style='padding:30px 30px 0px 60px ; border-radius:0px; '><section class=\"av_textblock_section \"  itemscope=\"itemscope\" itemtype=\"https:\/\/schema.org\/CreativeWork\" ><div class='avia_textblock  '  style='font-size:18px; '  itemprop=\"text\" ><h1><span style=\"color: #3366ff;\"><strong>Programa de Becas Universitarias <\/strong><\/span><\/h1>\n<p><span style=\"color: #333333;\">Nuestros alumnos que se destacan en el ambiente acad\u00e9mico, deportivo, art\u00edstico y que han demostrado liderazgo transformador, empat\u00eda, valores y principios loables durante su estancia en el Colegio, son tomados en cuenta para aplicar a las distintas oportunidades de becas en las universidades de Guatemala. Recientemente hemos recibido el apoyo de Segeplan, quienes brindan ayuda econ\u00f3mica para estudiar en las diferentes universidades de nuestro pa\u00eds y tambi\u00e9n en universidades del extranjero. \u00a0\u00a0<\/span><\/p>\n<p><span style=\"color: #333333;\">Uno de los programas de becas m\u00e1s reconocidos en Guatemala es Becas Loyola, que promueve la Universidad Rafael Land\u00edvar, quienes reservan espacios para los mejores estudiantes de nuestra instituci\u00f3n, con ellos tenemos en com\u00fan la excelencia acad\u00e9mica con valores, promoci\u00f3n de la proyecci\u00f3n social y la pr\u00e1ctica de la fe cat\u00f3lica; todos nuestros alumnos pueden aplicar, pero solo aquellos que han destacado en estas \u00e1reas son merecedores.<\/span><\/p>\n<\/div><\/section><\/div><div class=\"flex_column av_one_half  no_margin flex_column_div    \" style='padding:30px 30px 0px 0px ; border-radius:0px; '><div class='avia-image-container avia_animated_image avia_animate_when_almost_visible right-to-left av-styling-     avia-align-left '  itemscope=\"itemscope\" itemtype=\"https:\/\/schema.org\/ImageObject\"  ><div class='avia-image-container-inner'><img class='avia_image ' src='https:\/\/i0.wp.com\/www.colegiosansebastian.edu.gt\/wp-content\/uploads\/2020\/07\/Becas-Universitarias-URL.png?fit=722%2C496&ssl=1' alt='' title='Becas-Universitarias-URL'   itemprop=\"thumbnailUrl\"  \/><\/div><\/div><\/div><\/p>\n<\/div><\/div>\n<\/div>\n<\/div><\/div><\/div><!-- close content main div --><\/div><\/div><div id='psicolinea' class='av-layout-grid-container entry-content-wrapper main_color av-flex-cells     container_wrap sidebar_right'   >\n<div class=\"flex_cell no_margin av_one_full    av-zero-padding \" style='vertical-align:top; padding:0px; background-color:#0084d5; '><div class='flex_cell_inner' ><p><div class=\"flex_column av_one_third  no_margin flex_column_div first   \" style='padding:40px 60px 0px 60px ; border-radius:0px; '><section class=\"av_textblock_section \"  itemscope=\"itemscope\" itemtype=\"https:\/\/schema.org\/CreativeWork\" ><div class='avia_textblock  '  style='font-size:18px; '  itemprop=\"text\" ><h1><span style=\"color: #ffffff;\"><strong>Psicolog\u00eda en l\u00ednea <\/strong><\/span><\/h1>\n<p><span style=\"color: #ffffff;\">Contamos con un espacio virtual que promueve la comunicaci\u00f3n y el aprendizaje en l\u00ednea, surgiendo de la necesidad de estar conectados en tiempos de COVID-19.\u00a0 <\/span><\/p>\n<p><span style=\"color: #ffffff;\">Nos permite estar cerca de nuestros alumnos y padres de familia, abordando temas de inter\u00e9s, compartiendo v\u00eddeos y recursos formativos seg\u00fan la edad y din\u00e1mica de nuestros alumnos.<\/span><\/p>\n<p><span style=\"color: #ffffff;\">Nos enfocamos en \u00a0estimular la inteligencia emocional con actividades l\u00fadicas.\u00a0<\/span><\/p>\n<\/div><\/section><\/div><div class=\"flex_column av_one_third  no_margin flex_column_div av-zero-column-padding   \" style='border-radius:0px; '><div class='avia-image-container  av-styling-     avia-align-center '  itemscope=\"itemscope\" itemtype=\"https:\/\/schema.org\/ImageObject\"  ><div class='avia-image-container-inner'><img class='avia_image ' src='https:\/\/i0.wp.com\/www.colegiosansebastian.edu.gt\/wp-content\/uploads\/2020\/07\/Blog-de-psicolog%C3%ADa.png?resize=472%2C630&ssl=1' alt='' title=''   itemprop=\"thumbnailUrl\"  \/><\/div><\/div><\/div><div class=\"flex_column av_one_third  no_margin flex_column_div    \" style='padding:40px 0px 10px 0px ; border-radius:0px; '><section class=\"av_textblock_section \"  itemscope=\"itemscope\" itemtype=\"https:\/\/schema.org\/CreativeWork\" ><div class='avia_textblock  '  style='font-size:18px; '  itemprop=\"text\" ><p style=\"text-align: center;\"><span style=\"color: #ffffff;\">Los invitamos a visitar la p\u00e1gina y <\/span><br \/>\n<span style=\"color: #ffffff;\">dejar sus comentarios en el siguiente enlace:<\/span><\/p>\n<\/div><\/section><br \/>\n<div class='avia-button-wrap avia-button-center  '><a href='https:\/\/gabyobandocermeno.wixsite.com\/psicologia' class='avia-button av-icon-on-hover  avia-icon_select-yes-right-icon avia-color-red avia-size-medium avia-position-center '  target=\"_blank\"   ><span class='avia_iconbox_title' >Psicolog\u00eda en L\u00ednea<\/span><span class='avia_button_icon avia_button_icon_right' aria-hidden='true' data-av_icon='\ue889' data-av_iconfont='entypo-fontello'><\/span><\/a><\/div><\/p><\/div><\/p>\n<\/div><\/div>\n<\/div>\n","protected":false},"excerpt":{"rendered":"","protected":false},"author":1,"featured_media":0,"parent":0,"menu_order":0,"comment_status":"closed","ping_status":"closed","template":"","meta":{"bgseo_title":"","bgseo_description":"","bgseo_robots_index":"index","bgseo_robots_follow":"follow","_exactmetrics_skip_tracking":false,"_exactmetrics_sitenote_active":false,"_exactmetrics_sitenote_note":"","_exactmetrics_sitenote_category":0,"footnotes":""},"class_list":["post-337","page","type-page","status-publish","hentry"],"jetpack_sharing_enabled":true,"_links":{"self":[{"href":"https:\/\/www.colegiosansebastian.edu.gt\/index.php?rest_route=\/wp\/v2\/pages\/337","targetHints":{"allow":["GET"]}}],"collection":[{"href":"https:\/\/www.colegiosansebastian.edu.gt\/index.php?rest_route=\/wp\/v2\/pages"}],"about":[{"href":"https:\/\/www.colegiosansebastian.edu.gt\/index.php?rest_route=\/wp\/v2\/types\/page"}],"author":[{"embeddable":true,"href":"https:\/\/www.colegiosansebastian.edu.gt\/index.php?rest_route=\/wp\/v2\/users\/1"}],"replies":[{"embeddable":true,"href":"https:\/\/www.colegiosansebastian.edu.gt\/index.php?rest_route=%2Fwp%2Fv2%2Fcomments&post=337"}],"version-history":[{"count":47,"href":"https:\/\/www.colegiosansebastian.edu.gt\/index.php?rest_route=\/wp\/v2\/pages\/337\/revisions"}],"predecessor-version":[{"id":2069,"href":"https:\/\/www.colegiosansebastian.edu.gt\/index.php?rest_route=\/wp\/v2\/pages\/337\/revisions\/2069"}],"wp:attachment":[{"href":"https:\/\/www.colegiosansebastian.edu.gt\/index.php?rest_route=%2Fwp%2Fv2%2Fmedia&parent=337"}],"curies":[{"name":"wp","href":"https:\/\/api.w.org\/{rel}","templated":true}]}}