{"id":335,"date":"2020-06-26T18:35:12","date_gmt":"2020-06-27T00:35:12","guid":{"rendered":"https:\/\/www.colegiosansebastian.edu.gt\/?page_id=335"},"modified":"2020-07-27T18:39:47","modified_gmt":"2020-07-28T00:39:47","slug":"academico","status":"publish","type":"page","link":"https:\/\/www.colegiosansebastian.edu.gt\/?page_id=335","title":{"rendered":"Acad\u00e9mico"},"content":{"rendered":"<\/div><\/div><\/div><!-- close content main div --><\/div><\/div><div id='av-layout-grid-1' class='av-layout-grid-container entry-content-wrapper main_color av-flex-cells    container_wrap sidebar_right'   >\n<div class=\"flex_cell no_margin av_one_full    av-zero-padding \" style='vertical-align:top; padding:0px; '><div class='flex_cell_inner' ><div class='avia-image-container  av-styling-     avia-align-center '  itemscope=\"itemscope\" itemtype=\"https:\/\/schema.org\/ImageObject\"  ><div class='avia-image-container-inner'><img class='avia_image ' src='https:\/\/i0.wp.com\/www.colegiosansebastian.edu.gt\/wp-content\/uploads\/2020\/07\/Niveles-acad%C3%A9micos-san-sebastian.jpg?fit=1995%2C398&ssl=1' alt='' title=''   itemprop=\"thumbnailUrl\"  \/><\/div><\/div>\n<\/div><\/div>\n<\/div>\n<\/div><\/div><\/div><!-- close content main div --><\/div><\/div><div id='av-layout-grid-2' class='av-layout-grid-container entry-content-wrapper main_color av-flex-cells    container_wrap sidebar_right'   >\n<div class=\"flex_cell no_margin av_one_full    \" style='vertical-align:top; padding:30px 0px 0px 0px ; '><div class='flex_cell_inner' ><section class=\"av_textblock_section \"  itemscope=\"itemscope\" itemtype=\"https:\/\/schema.org\/CreativeWork\" ><div class='avia_textblock  '   itemprop=\"text\" ><h1 style=\"text-align: center;\"><span style=\"color: #3366ff;\">Descripci\u00f3n Acad\u00e9mica de Niveles<\/span><\/h1>\n<\/div><\/section>\n<\/div><\/div>\n<\/div>\n<\/div><\/div><\/div><!-- close content main div --><\/div><\/div><div id='av-layout-grid-3' class='av-layout-grid-container entry-content-wrapper main_color av-flex-cells    container_wrap sidebar_right'   >\n<div class=\"flex_cell no_margin av_one_full    av-zero-padding \" style='vertical-align:top; padding:0px; '><div class='flex_cell_inner' ><p><div class=\"flex_column av_one_half  no_margin flex_column_div first   \" style='padding:30px 30px 0px 60px ; border-radius:0px; '><section class=\"av_textblock_section \"  itemscope=\"itemscope\" itemtype=\"https:\/\/schema.org\/CreativeWork\" ><div class='avia_textblock  '  style='font-size:18px; '  itemprop=\"text\" ><p><span style=\"color: #333333;\">Estudiar en el colegio San Sebasti\u00e1n es un recorrido que deja huella en cada uno de nuestros j\u00f3venes alumnos. El punto de partida es el amor a Dios desde la Fe cat\u00f3lica. <\/span><\/p>\n<p><span style=\"color: #333333;\">Con esto como base nuestro Proyecto Educativo se enfoca en formar buenas personas, ciudadanos respetuosos, disciplinados y responsables.<\/span><\/p>\n<p><span style=\"color: #333333;\">Al egresar de cada nivel\u00a0 han desarrollado sus capacidades cognoscitivas, h\u00e1bitos de estudio, de orden, de limpieza y de convivencia los cuales fortalecen su salud f\u00edsica y mental; as\u00ed como el respeto a su pa\u00eds, la formaci\u00f3n de actitudes positivas hacia s\u00ed mismo y hacia la conservaci\u00f3n del medio ambiente. <\/span><\/p>\n<p><span style=\"color: #333333;\">Nuestras actividades acad\u00e9micas se complementan con el uso de la tecnolog\u00eda como una herramienta de aprendizaje.<\/span><\/p>\n<p><span style=\"color: #333333;\">Entre las actividades extracurriculares, nuestros alumnos tienen opci\u00f3n a formar parte de la banda de guerra, nuestra marimba, el equipo de f\u00fatbol y la Banda Marcial tomando clases de solfeo, entre otras.<\/span><\/p>\n<\/div><\/section><\/div><div class=\"flex_column av_one_half  no_margin flex_column_div av-zero-column-padding   \" style='border-radius:0px; '><div class='avia-image-container avia_animated_image avia_animate_when_almost_visible av-rotateInUpLeft av-styling-     avia-align-center '  itemscope=\"itemscope\" itemtype=\"https:\/\/schema.org\/ImageObject\"  ><div class='avia-image-container-inner'><img class='avia_image ' src='https:\/\/i0.wp.com\/www.colegiosansebastian.edu.gt\/wp-content\/uploads\/2020\/07\/Graduandos.png?fit=1116%2C774&ssl=1' alt='' title=''   itemprop=\"thumbnailUrl\"  \/><\/div><\/div><\/div><\/p>\n<\/div><\/div>\n<\/div>\n<\/div><\/div><\/div><!-- close content main div --><\/div><\/div><div id='av-layout-grid-4' class='av-layout-grid-container entry-content-wrapper main_color av-flex-cells    container_wrap sidebar_right'   >\n<div class=\"flex_cell no_margin av_one_full    av-zero-padding \" style='vertical-align:top; padding:0px; '><div class='flex_cell_inner' ><p><div class=\"flex_column av_one_fourth  flex_column_div av-zero-column-padding first   \" style='border-radius:0px; '><div class='avia-image-container avia_animated_image avia_animate_when_almost_visible av-rotateIn av-styling-     avia-align-center '  itemscope=\"itemscope\" itemtype=\"https:\/\/schema.org\/ImageObject\"  ><div class='avia-image-container-inner'><img class='avia_image ' src='https:\/\/i0.wp.com\/www.colegiosansebastian.edu.gt\/wp-content\/uploads\/2020\/07\/logo-pre-primaria-css204x212.png?fit=204%2C212&ssl=1' alt='' title=''   itemprop=\"thumbnailUrl\"  \/><\/div><\/div><\/div><div class=\"flex_column av_one_fourth  flex_column_div av-zero-column-padding   \" style='border-radius:0px; '><div class='avia-image-container avia_animated_image avia_animate_when_almost_visible av-rotateIn av-styling-     avia-align-center '  itemscope=\"itemscope\" itemtype=\"https:\/\/schema.org\/ImageObject\"  ><div class='avia-image-container-inner'><img class='avia_image ' src='https:\/\/i0.wp.com\/www.colegiosansebastian.edu.gt\/wp-content\/uploads\/2020\/07\/Peq.-Campeones.jpg?fit=176%2C185&ssl=1' alt='' title=''   itemprop=\"thumbnailUrl\"  \/><\/div><\/div><\/div><div class=\"flex_column av_one_fourth  flex_column_div av-zero-column-padding    \" style='border-radius:0px; '><div class='avia-image-container avia_animated_image avia_animate_when_almost_visible av-rotateIn av-styling-   av-small-hide av-mini-hide   avia-align-center '  itemscope=\"itemscope\" itemtype=\"https:\/\/schema.org\/ImageObject\"  ><div class='avia-image-container-inner'><img class='avia_image ' src='https:\/\/i0.wp.com\/www.colegiosansebastian.edu.gt\/wp-content\/uploads\/2020\/07\/logo-pre-primaria-css204x212.png?fit=204%2C212&ssl=1' alt='' title=''   itemprop=\"thumbnailUrl\"  \/><\/div><\/div><\/div><div class=\"flex_column av_one_fourth  flex_column_div av-zero-column-padding   \" style='border-radius:0px; '><div class='avia-image-container avia_animated_image avia_animate_when_almost_visible av-rotateIn av-styling-   av-small-hide av-mini-hide   avia-align-center '  itemscope=\"itemscope\" itemtype=\"https:\/\/schema.org\/ImageObject\"  ><div class='avia-image-container-inner'><img class='avia_image ' src='https:\/\/i0.wp.com\/www.colegiosansebastian.edu.gt\/wp-content\/uploads\/2020\/07\/Peq.-Campeones.jpg?fit=176%2C185&ssl=1' alt='' title=''   itemprop=\"thumbnailUrl\"  \/><\/div><\/div><\/div><\/p>\n<\/div><\/div>\n<\/div>\n<\/div><\/div><\/div><!-- close content main div --><\/div><\/div><div id='av-layout-grid-5' class='av-layout-grid-container entry-content-wrapper main_color av-flex-cells    container_wrap sidebar_right'   >\n<div class=\"flex_cell no_margin av_one_full    av-zero-padding \" style='vertical-align:top; padding:0px; background-color:#d8d8d8; '><div class='flex_cell_inner' ><p><div class=\"flex_column av_one_half  no_margin flex_column_div first   \" style='padding:50px 30px 0px 140px ; border-radius:0px; '><section class=\"av_textblock_section \"  itemscope=\"itemscope\" itemtype=\"https:\/\/schema.org\/CreativeWork\" ><div class='avia_textblock  '  style='font-size:18px; '  itemprop=\"text\" ><h1><span style=\"color: #3366ff;\">Pre Primaria <\/span><\/h1>\n<h3><span style=\"color: #3366ff;\">Horario de Clases 7:30 a 12:00 horas\u00a0<\/span><\/h3>\n<h2><span style=\"color: #3366ff;\">\u00a0\u00a0<\/span><\/h2>\n<ul>\n<li>\n<h2><span style=\"color: #333333;\"><strong>Pre Kinder<\/strong>:<\/span><\/h2>\n<p><span style=\"color: #333333;\">deben cumplir cuatro a\u00f1os, antes del 31 de marzo.<br \/>\n<\/span><\/li>\n<li>\n<h2><span style=\"color: #333333;\"><strong>Kinder:<\/strong> <\/span><\/h2>\n<p><span style=\"color: #333333;\">deben cumplir cinco a\u00f1os, antes del 31 de marzo.<br \/>\n<\/span><\/li>\n<li>\n<h2><span style=\"color: #333333;\"><strong>P\u00e1rvulos:<\/strong><\/span><\/h2>\n<p><span style=\"color: #333333;\">deben cumplir seis a\u00f1os, antes del 31 de marzo.<\/span><\/li>\n<\/ul>\n<div class=\"mceTemp\"><\/div>\n<\/div><\/section><\/div><div class=\"flex_column av_one_half  no_margin flex_column_div av-zero-column-padding   \" style='border-radius:0px; '><div class='avia-image-container avia_animated_image avia_animate_when_almost_visible right-to-left av-styling-     avia-align-center '  itemscope=\"itemscope\" itemtype=\"https:\/\/schema.org\/ImageObject\"  ><div class='avia-image-container-inner'><img class='avia_image ' src='https:\/\/i0.wp.com\/www.colegiosansebastian.edu.gt\/wp-content\/uploads\/2020\/07\/kinder.png?fit=600%2C465&ssl=1' alt='' title=''   itemprop=\"thumbnailUrl\"  \/><\/div><\/div><\/div><\/p>\n<\/div><\/div>\n<\/div>\n<\/div><\/div><\/div><!-- close content main div --><\/div><\/div><div id='av-layout-grid-6' class='av-layout-grid-container entry-content-wrapper main_color av-flex-cells    container_wrap sidebar_right'   >\n<div class=\"flex_cell no_margin av_one_full    \" style='vertical-align:top; padding:30px; background-color:#004d28; '><div class='flex_cell_inner' ><section class=\"av_textblock_section \"  itemscope=\"itemscope\" itemtype=\"https:\/\/schema.org\/CreativeWork\" ><div class='avia_textblock  '  style='font-size:18px; '  itemprop=\"text\" ><h1 style=\"text-align: center;\"><span style=\"color: #ffffff;\">Primaria<\/span><\/h1>\n<h3 style=\"text-align: center;\"><span style=\"color: #ffffff;\">Horario de Clases 6:45 a 13:00 horas\u00a0<\/span><\/h3>\n<p style=\"text-align: center;\"><span style=\"color: #ffffff;\">La edad m\u00ednima para iniciar el nivel primario es de siete a\u00f1os cumplidos antes del 31 de marzo, <\/span><br \/>\n<span style=\"color: #ffffff;\"> y en la medida de lo posible egresar a los 12 a\u00f1os.<\/span><\/p>\n<\/div><\/section>\n<\/div><\/div>\n<\/div>\n<\/div><\/div><\/div><!-- close content main div --><\/div><\/div><div id='av-layout-grid-7' class='av-layout-grid-container entry-content-wrapper main_color av-flex-cells    container_wrap sidebar_right'   >\n<div class=\"flex_cell no_margin av_one_half    av-zero-padding \" style='vertical-align:middle; padding:0px; background-color:#0084d5; '><div class='flex_cell_inner' ><p><div class=\"flex_column av_two_fifth  no_margin flex_column_div first   \" style='padding:120px 30px 30px 70px ; border-radius:0px; '><section class=\"av_textblock_section \"  itemscope=\"itemscope\" itemtype=\"https:\/\/schema.org\/CreativeWork\" ><div class='avia_textblock  '  style='font-size:18px; '  itemprop=\"text\" ><h1><span style=\"color: #ffffff;\"><strong>1er. Ciclo<\/strong><\/span><\/h1>\n<ul>\n<li><strong><span style=\"color: #ffffff;\">1ero. Primaria<\/span><\/strong><\/li>\n<li><strong><span style=\"color: #ffffff;\">2do. Primaria<\/span><\/strong><\/li>\n<li><strong><span style=\"color: #ffffff;\">3ero. Primaria<\/span><\/strong><\/li>\n<\/ul>\n<\/div><\/section><\/div><div class=\"flex_column av_one_half  no_margin flex_column_div av-zero-column-padding    \" style='border-radius:0px; '><div class='avia-image-container avia_animated_image avia_animate_when_almost_visible fade-in av-styling-     avia-align-center '  itemscope=\"itemscope\" itemtype=\"https:\/\/schema.org\/ImageObject\"  ><div class='avia-image-container-inner'><img class='avia_image ' src='https:\/\/i0.wp.com\/www.colegiosansebastian.edu.gt\/wp-content\/uploads\/2020\/07\/Primaria.png?fit=600%2C599&ssl=1' alt='' title=''   itemprop=\"thumbnailUrl\"  \/><\/div><\/div><\/div><\/p>\n<\/div><\/div><div class=\"flex_cell no_margin av_one_half    \" style='vertical-align:middle; padding:30px; background-color:#fce300; '><div class='flex_cell_inner' ><p><div class=\"flex_column av_two_fifth  no_margin flex_column_div first   \" style='padding:120px 30px 30px 70px ; border-radius:0px; '><section class=\"av_textblock_section \"  itemscope=\"itemscope\" itemtype=\"https:\/\/schema.org\/CreativeWork\" ><div class='avia_textblock  '  style='font-size:18px; '  itemprop=\"text\" ><h1><span style=\"color: #333333;\"><strong>2do. Ciclo<\/strong><\/span><\/h1>\n<ul>\n<li><span style=\"color: #333333;\"><strong>4to. Primaria<\/strong><\/span><\/li>\n<li><span style=\"color: #333333;\"><strong>5to. Primaria<\/strong><\/span><\/li>\n<li><span style=\"color: #333333;\"><strong>6to. Primaria<\/strong><\/span><\/li>\n<\/ul>\n<\/div><\/section><\/div><div class=\"flex_column av_one_half  no_margin flex_column_div av-zero-column-padding    \" style='border-radius:0px; '><div class='avia-image-container avia_animated_image avia_animate_when_almost_visible fade-in av-styling-     avia-align-center '  itemscope=\"itemscope\" itemtype=\"https:\/\/schema.org\/ImageObject\"  ><div class='avia-image-container-inner'><img class='avia_image ' src='https:\/\/i0.wp.com\/www.colegiosansebastian.edu.gt\/wp-content\/uploads\/2020\/07\/Primaria-san-sebastian.png?fit=600%2C599&ssl=1' alt='' title=''   itemprop=\"thumbnailUrl\"  \/><\/div><\/div><\/div><\/p>\n<\/div><\/div>\n<\/div>\n<\/div><\/div><\/div><!-- close content main div --><\/div><\/div><div id='av-layout-grid-8' class='av-layout-grid-container entry-content-wrapper main_color av-flex-cells    container_wrap sidebar_right'   >\n<div class=\"flex_cell no_margin av_one_full    av-zero-padding \" style='vertical-align:top; padding:0px; background-color:#d8d8d8; '><div class='flex_cell_inner' ><p><div class=\"flex_column av_one_half  no_margin flex_column_div first   \" style='padding:50px 30px 0px 140px ; border-radius:0px; '><section class=\"av_textblock_section \"  itemscope=\"itemscope\" itemtype=\"https:\/\/schema.org\/CreativeWork\" ><div class='avia_textblock  '  style='font-size:18px; '  itemprop=\"text\" ><h1><span style=\"color: #3366ff;\">Secundaria\u00a0<\/span><\/h1>\n<h3 style=\"text-align: left;\"><span style=\"color: #3366ff;\">Horario de Clases 6:45 a 13:40 horas<\/span><\/h3>\n<h1><span style=\"color: #3366ff;\">\u00a0<\/span><\/h1>\n<ul>\n<li>\n<h3><strong>Nivel de B\u00e1sicos<\/strong><\/h3>\n<\/li>\n<\/ul>\n<ul>\n<li style=\"list-style-type: none;\">\n<ul>\n<li>\n<h2><strong>1ero. B\u00e1sico:\u00a0 <\/strong><\/h2>\n<p><span style=\"color: #333333;\">12-13 a\u00f1os cumplidos.<\/span><\/li>\n<\/ul>\n<\/li>\n<\/ul>\n<ul>\n<li style=\"list-style-type: none;\">\n<ul>\n<li>\n<h2><strong>2do. B\u00e1sico:\u00a0\u00a0\u00a0 <\/strong><\/h2>\n<p><span style=\"color: #333333;\">13-14 a\u00f1os cumplidos.<\/span><\/li>\n<\/ul>\n<\/li>\n<\/ul>\n<ul>\n<li style=\"list-style-type: none;\">\n<ul>\n<li>\n<h2><strong>3ero. B\u00e1sico:\u00a0\u00a0<\/strong><\/h2>\n<p><span style=\"color: #333333;\">14-15 a\u00f1os cumplidos.<\/span><\/li>\n<\/ul>\n<\/li>\n<\/ul>\n<div class=\"mceTemp\"><\/div>\n<\/div><\/section><\/div><div class=\"flex_column av_one_half  av-animated-generic right-to-left  no_margin flex_column_div    \" style='padding:40px 0px 0px 0px ; border-radius:0px; '><div class='avia-image-container avia_animated_image avia_animate_when_almost_visible right-to-left av-styling-     avia-align-center '  itemscope=\"itemscope\" itemtype=\"https:\/\/schema.org\/ImageObject\"  ><div class='avia-image-container-inner'><img class='avia_image ' src='https:\/\/i0.wp.com\/www.colegiosansebastian.edu.gt\/wp-content\/uploads\/2020\/07\/Jovenes-Basicos.png?fit=722%2C394&ssl=1' alt='' title=''   itemprop=\"thumbnailUrl\"  \/><\/div><\/div><\/div><\/p>\n<\/div><\/div>\n<\/div>\n<\/div><\/div><\/div><!-- close content main div --><\/div><\/div><div id='av-layout-grid-9' class='av-layout-grid-container entry-content-wrapper main_color av-flex-cells    container_wrap sidebar_right'   >\n<div class=\"flex_cell no_margin av_one_full    \" style='vertical-align:top; padding:30px 0px 0px 0px ; '><div class='flex_cell_inner' ><section class=\"av_textblock_section \"  itemscope=\"itemscope\" itemtype=\"https:\/\/schema.org\/CreativeWork\" ><div class='avia_textblock  '   itemprop=\"text\" ><h1 style=\"text-align: center;\"><span style=\"color: #3366ff;\">Nivel Diversificado<\/span><\/h1>\n<h3 style=\"text-align: center;\"><span style=\"color: #3366ff;\">Horario de Clases 6:45 a 13:40 horas<\/span><\/h3>\n<\/div><\/section>\n<\/div><\/div>\n<\/div>\n<\/div><\/div><\/div><!-- close content main div --><\/div><\/div><div id='av-layout-grid-10' class='av-layout-grid-container entry-content-wrapper main_color av-flex-cells    container_wrap sidebar_right'   >\n<div class=\"flex_cell no_margin av_one_full    \" style='vertical-align:top; padding:0px 0px 0px 60px ; '><div class='flex_cell_inner' ><p><div class=\"flex_column av_one_half  no_margin flex_column_div first   \" style='padding:30px 30px 0px 60px ; border-radius:0px; '><section class=\"av_textblock_section \"  itemscope=\"itemscope\" itemtype=\"https:\/\/schema.org\/CreativeWork\" ><div class='avia_textblock  '  style='font-size:18px; '  itemprop=\"text\" ><h2 style=\"text-align: left;\"><span style=\"color: #000000;\">Bachillerato en Ciencias y Letras<\/span><\/h2>\n<h3 style=\"text-align: left;\"><span style=\"color: #ffffff;\">H<\/span><\/h3>\n<ul>\n<li style=\"list-style-type: none;\">\n<ul>\n<li>\n<h2><strong>4to. Bachillerato:\u00a0 <\/strong><\/h2>\n<p><span style=\"color: #333333;\">16 a\u00f1os cumplidos.<\/span><\/li>\n<\/ul>\n<\/li>\n<\/ul>\n<ul>\n<li style=\"list-style-type: none;\">\n<ul>\n<li>\n<h2><strong>5to. Bachillerato:\u00a0 \u00a0<\/strong><\/h2>\n<p><span style=\"color: #333333;\">17 a\u00f1os cumplidos.<\/span><\/li>\n<\/ul>\n<\/li>\n<\/ul>\n<ul>\n<li style=\"list-style-type: none;\"><\/li>\n<\/ul>\n<div class=\"mceTemp\"><\/div>\n<\/div><\/section><\/div><div class=\"flex_column av_two_fifth  no_margin flex_column_div av-zero-column-padding   \" style='border-radius:0px; '><div class='avia-image-container avia_animated_image avia_animate_when_almost_visible av-rotateInUpLeft av-styling-     avia-align-center '  itemscope=\"itemscope\" itemtype=\"https:\/\/schema.org\/ImageObject\"  ><div class='avia-image-container-inner'><img class='avia_image ' src='https:\/\/i0.wp.com\/www.colegiosansebastian.edu.gt\/wp-content\/uploads\/2020\/07\/Nuevosjovenes.png?fit=807%2C587&ssl=1' alt='' title=''   itemprop=\"thumbnailUrl\"  \/><\/div><\/div><\/div><\/p>\n<\/div><\/div><\/div>\n","protected":false},"excerpt":{"rendered":"","protected":false},"author":1,"featured_media":0,"parent":0,"menu_order":0,"comment_status":"closed","ping_status":"closed","template":"","meta":{"bgseo_title":"","bgseo_description":"","bgseo_robots_index":"index","bgseo_robots_follow":"follow","_exactmetrics_skip_tracking":false,"_exactmetrics_sitenote_active":false,"_exactmetrics_sitenote_note":"","_exactmetrics_sitenote_category":0,"footnotes":""},"class_list":["post-335","page","type-page","status-publish","hentry"],"jetpack_sharing_enabled":true,"_links":{"self":[{"href":"https:\/\/www.colegiosansebastian.edu.gt\/index.php?rest_route=\/wp\/v2\/pages\/335","targetHints":{"allow":["GET"]}}],"collection":[{"href":"https:\/\/www.colegiosansebastian.edu.gt\/index.php?rest_route=\/wp\/v2\/pages"}],"about":[{"href":"https:\/\/www.colegiosansebastian.edu.gt\/index.php?rest_route=\/wp\/v2\/types\/page"}],"author":[{"embeddable":true,"href":"https:\/\/www.colegiosansebastian.edu.gt\/index.php?rest_route=\/wp\/v2\/users\/1"}],"replies":[{"embeddable":true,"href":"https:\/\/www.colegiosansebastian.edu.gt\/index.php?rest_route=%2Fwp%2Fv2%2Fcomments&post=335"}],"version-history":[{"count":28,"href":"https:\/\/www.colegiosansebastian.edu.gt\/index.php?rest_route=\/wp\/v2\/pages\/335\/revisions"}],"predecessor-version":[{"id":1422,"href":"https:\/\/www.colegiosansebastian.edu.gt\/index.php?rest_route=\/wp\/v2\/pages\/335\/revisions\/1422"}],"wp:attachment":[{"href":"https:\/\/www.colegiosansebastian.edu.gt\/index.php?rest_route=%2Fwp%2Fv2%2Fmedia&parent=335"}],"curies":[{"name":"wp","href":"https:\/\/api.w.org\/{rel}","templated":true}]}}