{"id":268,"date":"2020-06-25T21:43:41","date_gmt":"2020-06-25T21:43:41","guid":{"rendered":"https:\/\/www.colegiosansebastian.edu.gt\/?page_id=268"},"modified":"2020-07-19T21:03:44","modified_gmt":"2020-07-20T03:03:44","slug":"admisiones","status":"publish","type":"page","link":"https:\/\/www.colegiosansebastian.edu.gt\/?page_id=268","title":{"rendered":"Admisiones 2021"},"content":{"rendered":"<\/div><\/div><\/div><!-- close content main div --><\/div><\/div><div id='av-layout-grid-1' class='av-layout-grid-container entry-content-wrapper main_color av-flex-cells    container_wrap sidebar_right'   >\n<div class=\"flex_cell no_margin av_one_full    av-zero-padding \" style='vertical-align:top; padding:0px; '><div class='flex_cell_inner' ><div class='avia-image-container  av-styling-     avia-align-center '  itemscope=\"itemscope\" itemtype=\"https:\/\/schema.org\/ImageObject\"  ><div class='avia-image-container-inner'><img class='avia_image ' src='https:\/\/i0.wp.com\/www.colegiosansebastian.edu.gt\/wp-content\/uploads\/2020\/07\/Sprint-2-Completo.png?fit=1920%2C223&ssl=1' alt='' title=''   itemprop=\"thumbnailUrl\"  \/><\/div><\/div>\n<\/div><\/div>\n<\/div>\n<\/div><\/div><\/div><!-- close content main div --><\/div><\/div><div id='av-layout-grid-2' class='av-layout-grid-container entry-content-wrapper main_color av-flex-cells    container_wrap sidebar_right'   >\n<div class=\"flex_cell no_margin av_one_half    \" style='vertical-align:top; padding:60px 60px 0px 120px ; '><div class='flex_cell_inner' ><section class=\"av_textblock_section \"  itemscope=\"itemscope\" itemtype=\"https:\/\/schema.org\/CreativeWork\" ><div class='avia_textblock  '  style='font-size:20px; '  itemprop=\"text\" ><h1><strong>Inscripciones 2021<\/strong><\/h1>\n<p><span style=\"color: #808080;\">Si deseas pertenecer a nuestra comunidad educativa, tus padres y t\u00fa deben tomar en cuenta lo siguiente:<\/span><\/p>\n<ul>\n<li><span style=\"color: #808080;\">Ser afines y respetar los principios y valores del Colegio.<\/span><\/li>\n<li><span style=\"color: #808080;\">Aceptar las normas y reglamento interno.<\/span><\/li>\n<li><span style=\"color: #808080;\">Ser practicantes de la Religi\u00f3n Cat\u00f3lica.<\/span><\/li>\n<li><span style=\"color: #808080;\">Tus padres deben asistir a las reuniones a las que se les convoca para darle seguimiento al proceso de aprendizaje.<\/span><\/li>\n<li><span style=\"color: #808080;\">Participar en el programa de Escuela para Padres.<\/span><\/li>\n<li><span style=\"color: #808080;\">Tener carta de buena conducta de la instituci\u00f3n de donde vienes.<\/span><\/li>\n<li><span style=\"color: #808080;\">Cumplir con el proceso de admisi\u00f3n.<\/span><\/li>\n<\/ul>\n<\/div><\/section>\n<\/div><\/div><div class=\"flex_cell no_margin av_one_half    \" style='vertical-align:top; padding:0px 60px 0px 30px ; '><div class='flex_cell_inner' ><div class='avia-image-container avia_animated_image avia_animate_when_almost_visible av-rotateIn av-styling-     avia-align-center '  itemscope=\"itemscope\" itemtype=\"https:\/\/schema.org\/ImageObject\"  ><div class='avia-image-container-inner'><img class='avia_image ' src='https:\/\/i0.wp.com\/www.colegiosansebastian.edu.gt\/wp-content\/uploads\/2020\/07\/Admisiones.jpg?fit=890%2C1199&ssl=1' alt='' title=''   itemprop=\"thumbnailUrl\"  \/><\/div><\/div>\n<\/div><\/div>\n<\/div>\n<\/div><\/div><\/div><!-- close content main div --><\/div><\/div><div id='av-layout-grid-3' class='av-layout-grid-container entry-content-wrapper main_color av-flex-cells    container_wrap sidebar_right'   >\n<div class=\"flex_cell no_margin av_one_full   \" style='background-image:url(https:\/\/i0.wp.com\/www.colegiosansebastian.edu.gt\/wp-content\/uploads\/2020\/06\/fondo-admisiones.jpg?fit=1920%2C697&ssl=1); background-position:top left; background-repeat:no-repeat; background-attachment:fixed; vertical-align:top; padding:30px; '><div class='flex_cell_inner' ><p><div class=\"flex_column av_one_fourth  flex_column_div av-zero-column-padding first  \" style='border-radius:0px; '><\/div><div class=\"flex_column av_one_fourth  flex_column_div av-zero-column-padding   \" style='border-radius:0px; '><\/div><div class=\"flex_column av_one_fourth  flex_column_div av-zero-column-padding   \" style='border-radius:0px; '><\/div><div class=\"flex_column av_one_fourth  flex_column_div av-zero-column-padding   \" style='border-radius:0px; '><section class=\"av_textblock_section \"  itemscope=\"itemscope\" itemtype=\"https:\/\/schema.org\/CreativeWork\" ><div class='avia_textblock  '   itemprop=\"text\" ><h1><span style=\"color: #ffffff;\"><strong>\u00abEducar sin religi\u00f3n es edificar sin cimientos\u00bb<\/strong><\/span><\/h1>\n<p><em><span style=\"color: #ffffff;\">Monse\u00f1or Mariano Rosell y Arellano<\/span><\/em><\/p>\n<\/div><\/section><\/div><\/p>\n<\/div><\/div><\/div><\/div><\/div><\/div><!-- close content main div --><\/div><\/div><div id='av-layout-grid-4' class='av-layout-grid-container entry-content-wrapper main_color av-flex-cells    container_wrap sidebar_right'   >\n<div class=\"flex_cell no_margin av_one_full   \" ><div class='flex_cell_inner' ><section class=\"av_textblock_section \"  itemscope=\"itemscope\" itemtype=\"https:\/\/schema.org\/CreativeWork\" ><div class='avia_textblock  '   itemprop=\"text\" ><h1>Requisitos para Admisi\u00f3n:<\/h1>\n<\/div><\/section>\n<\/div><\/div>\n<\/div><\/p>\n<\/div><\/div><\/div><!-- close content main div --><\/div><\/div><div id='av-layout-grid-5' class='av-layout-grid-container entry-content-wrapper main_color av-flex-cells    container_wrap sidebar_right'   >\n<div class=\"flex_cell no_margin av_one_half   \" style='vertical-align:top; padding:30px 60px 30px 60px ; background-color:#f2f2f2; '><div class='flex_cell_inner' ><section class=\"av_textblock_section \"  itemscope=\"itemscope\" itemtype=\"https:\/\/schema.org\/CreativeWork\" ><div class='avia_textblock  av_inherit_color '  style='font-size:18px; '  itemprop=\"text\" ><h2><span style=\"color: #3366ff;\"><strong>Primera Fase <\/strong><\/span><\/h2>\n<ol>\n<li><span style=\"color: #333333;\">Debes tener aprobado el grado inmediato anterior.<\/span><\/li>\n<li><span style=\"color: #333333;\">Descarga y llena la Solicitud de Admisi\u00f3n, presionando el bot\u00f3n abajo indicado.<\/span><\/li>\n<li><span style=\"color: #333333;\">Rellena los campos (digitalmente) con la informaci\u00f3n ah\u00ed solicitada.<\/span><\/li>\n<li><span style=\"color: #333333;\"><span style=\"color: #808080;\">\u00a0<span style=\"color: #333333;\">Env\u00eda la Solicitud de Admisi\u00f3n al correo electr\u00f3nico <\/span><\/span><span style=\"color: #3366ff;\"><a style=\"color: #3366ff;\" href=\"mailto:admisiones@colegiosansebastian.edu.gt\">admisiones<span style=\"color: #3366ff;\">@colegiosansebastian.edu.gt<\/span><\/a><\/span><\/span><\/li>\n<li><span style=\"color: #333333;\">Recibir\u00e1s un correo electr\u00f3nico indicando el n\u00famero de cuenta bancaria para el pago del examen de admisi\u00f3n.<\/span><\/li>\n<li><span style=\"color: #333333;\">Realiza el pago del examen\u00a0de admisi\u00f3n Q.75.00 a nombre de Colegio San Sebasti\u00e1n\/Recaudaci\u00f3n, del Banco Industrial por medio de un dep\u00f3sito o transferencia bancaria.<\/span><\/li>\n<li><span style=\"color: #333333;\"><span style=\"color: #808080;\"><span style=\"color: #333333;\">Env\u00eda al correo electr\u00f3nico <\/span><span style=\"color: #3366ff;\"><a style=\"color: #3366ff;\" href=\"mailto:admisiones@colegiosansebastian.edu.gt\">admisiones@colegiosansebastian.edu.gt<\/a><\/span><\/span><\/span><span style=\"color: #000000;\"><span style=\"color: #808080;\"> \u00a0<span style=\"color: #333333;\">los documentos siguientes:<\/span><\/span><\/span>\n<ul>\n<li><span style=\"color: #333333;\">Constancia de pago del Examen\u00a0de Admisi\u00f3n del Banco Industrial.<\/span><\/li>\n<li><span style=\"color: #333333;\">Copia del Certificado de Nacimiento del ni\u00f1o o joven que desea estudiar. (No es necesario que sea reciente)<\/span><\/li>\n<li><span style=\"color: #333333;\">Copia de las Boletas de Calificaciones de los dos \u00faltimos a\u00f1os, con membrete y sello de la instituci\u00f3n educativa.<\/span><\/li>\n<li><span style=\"color: #333333;\">Certificado de Buena Conducta de tu anterior o actual colegio.<\/span><\/li>\n<\/ul>\n<\/li>\n<\/ol>\n<\/div><\/section>\n<\/div><\/div><div class=\"flex_cell no_margin av_one_half   \" style='vertical-align:top; padding:30px 60px 30px 60px ; background-color:#f2f2f2; '><div class='flex_cell_inner' ><section class=\"av_textblock_section \"  itemscope=\"itemscope\" itemtype=\"https:\/\/schema.org\/CreativeWork\" ><div class='avia_textblock  '   itemprop=\"text\" ><h2><\/h2>\n<h2><\/h2>\n<h2><span style=\"color: #3366ff;\">Segunda Fase<\/span><\/h2>\n<ol>\n<li><span style=\"color: #333333;\">Cuando el Colegio reciba tu solicitud y todos los documentos anteriores, recibir\u00e1s un correo electr\u00f3nico para confirmar hora y fecha de tu entrevista.\u00a0 Esta se realizar\u00e1 v\u00eda plataforma Google Meet.\u00a0<\/span><\/li>\n<li><span style=\"color: #333333;\">En la entrevista se acordar\u00e1 la fecha y hora de aplicaci\u00f3n del examen de tu hijo, la misma se realizar\u00e1 en forma virtual.\u00a0<\/span><\/li>\n<li><span style=\"color: #333333;\">Te enviaremos el acceso a las evaluaciones en la fecha acordada.<\/span><\/li>\n<li><span style=\"color: #333333;\">Los resultados ser\u00e1n enviados por correo electr\u00f3nico.<\/span><\/li>\n<li><span style=\"color: #333333;\">Con este informe ser\u00e1s atendido por la administraci\u00f3n para realizar el proceso de inscripci\u00f3n.<\/span><\/li>\n<\/ol>\n<p><span style=\"color: #333333;\">NOTA: <\/span><span style=\"color: #333333;\">Los resultados no ser\u00e1n enviados si la papeler\u00eda del estudiante no est\u00e1 completa.<\/span><\/p>\n<\/div><\/section>\n<\/div><\/div><\/div><\/div><\/div><\/div><!-- close content main div --><\/div><\/div><div id='av_section_1' class='avia-section main_color avia-section-default avia-no-shadow avia-bg-style-scroll   container_wrap sidebar_right'   ><div class='container' ><div class='template-page content  av-content-small alpha units'><div class='post-entry post-entry-type-page post-entry-268'><div class='entry-content-wrapper clearfix'>\n<div class=\"flex_column av_one_third  flex_column_div av-zero-column-padding first  \" style='border-radius:0px; '><section class=\"av_textblock_section \"  itemscope=\"itemscope\" itemtype=\"https:\/\/schema.org\/CreativeWork\" ><div class='avia_textblock  '  style='font-size:14px; '  itemprop=\"text\" ><h4>INSTRUCCIONES PARA DESCARGAR Y VISUALIZAR CORRECTAMENTE LA SOLICITUD DE ADMISI\u00d3N<\/h4>\n<p><span style=\"color: #333333;\">Algunos navegadores m\u00e1s recientes (chrome, edge, opera, firefox, etc.) ahora tienen la capacidad de abrir y ver archivos PDF, sin embargo en algunos casos realizan la carga inadecuada del contenido generando problemas de visualizaci\u00f3n o desplazamiento del documento, para solucionar esto sigue las instrucciones siguientes \u2192<\/span><\/p>\n<\/div><\/section><\/div><div class=\"flex_column av_one_third  flex_column_div av-zero-column-padding   \" style='border-radius:0px; '><section class=\"av_textblock_section \"  itemscope=\"itemscope\" itemtype=\"https:\/\/schema.org\/CreativeWork\" ><div class='avia_textblock  '  style='font-size:14px; '  itemprop=\"text\" ><h5>Soluci\u00f3n:<\/h5>\n<ol>\n<li><span style=\"color: #333333;\">Presiona el bot\u00f3n DESCARGAR SOLICITUD DE ADMISI\u00d3N<\/span><\/li>\n<li><span style=\"color: #333333;\">El documento se abrir\u00e1 en otra ventana del navegador.<\/span><\/li>\n<li><span style=\"color: #333333;\">Presiona el bot\u00f3n Descargar o Guardar que aparece en la parte superior derecha del navegador y selecciona el lugar donde deseas guardarlo (directorio, disco duro, usb, etc).<\/span><\/li>\n<li><span style=\"color: #333333;\">Descarga el programa Foxit Reader (gratis) en este enlace<\/span> <a href=\"https:\/\/www.foxitsoftware.com\/es-la\/pdf-reader\/#\"><span style=\"color: #3366ff;\">descargar Foxit<\/span> <span style=\"color: #3366ff;\">Reader<\/span><\/a><span style=\"color: #3366ff;\">.<\/span><\/li>\n<li><span style=\"color: #333333;\">Instala el programa Foxit Reader en tu computadora (d\u00e1ndole doble clic en el archivo descargado).<\/span><\/li>\n<li><span style=\"color: #333333;\">Ejecuta el programa Foxit Reader.<\/span><\/li>\n<li><span style=\"color: #333333;\">Abre la Solicitud de Admisi\u00f3n v3.5.pdf. (Selecciona Men\u00fa Archivo &#8211; Abrir).<\/span><\/li>\n<li><span style=\"color: #333333;\">Rellena la Solicitud de Admisi\u00f3n.<\/span><\/li>\n<li><span style=\"color: #333333;\">Guarda el documento (Selecciona Men\u00fa Archivo &#8211; Guardar).<\/span><\/li>\n<\/ol>\n<\/div><\/section><\/div><div class=\"flex_column av_one_third  flex_column_div    \" style='padding:30px 0px 0px 0px ; border-radius:0px; '><p><div class='avia-button-wrap avia-button-center  '><a href='https:\/\/www.colegiosansebastian.edu.gt\/wp-content\/uploads\/2020\/07\/Solicitud-de-Admision-CSS-2020-v3.5.pdf' class='avia-button av-icon-on-hover  avia-icon_select-yes-right-icon avia-color-red avia-size-medium avia-position-center '  target=\"_blank\"   ><span class='avia_iconbox_title' >DESCARGAR SOLICITUD DE ADMISI\u00d3N<\/span><span class='avia_button_icon avia_button_icon_right' aria-hidden='true' data-av_icon='\ue87f' data-av_iconfont='entypo-fontello'><\/span><\/a><\/div><br \/>\n<div class='avia-button-wrap avia-button-center  '><a href='https:\/\/www.colegiosansebastian.edu.gt\/wp-content\/uploads\/2020\/07\/S2-Requisitos-para-Inscripcion-v1.pdf' class='avia-button av-icon-on-hover  avia-icon_select-yes-right-icon avia-color-red avia-size-medium avia-position-center '  target=\"_blank\"   ><span class='avia_iconbox_title' >DESCARGAR REQUISITOS INSCRIPCI\u00d3N<\/span><span class='avia_button_icon avia_button_icon_right' aria-hidden='true' data-av_icon='\ue87f' data-av_iconfont='entypo-fontello'><\/span><\/a><\/div><\/p><\/div><\/div><\/div><\/div><!-- close content main div --><\/div><\/div><div id='after_section_1' class='main_color av_default_container_wrap container_wrap sidebar_right'   ><div class='container' ><div class='template-page content  av-content-small alpha units'><div class='post-entry post-entry-type-page post-entry-268'><div class='entry-content-wrapper clearfix'><\/p>\n","protected":false},"excerpt":{"rendered":"","protected":false},"author":1,"featured_media":0,"parent":0,"menu_order":0,"comment_status":"closed","ping_status":"closed","template":"","meta":{"bgseo_title":"","bgseo_description":"","bgseo_robots_index":"","bgseo_robots_follow":"","_exactmetrics_skip_tracking":false,"_exactmetrics_sitenote_active":false,"_exactmetrics_sitenote_note":"","_exactmetrics_sitenote_category":0,"footnotes":""},"class_list":["post-268","page","type-page","status-publish","hentry"],"jetpack_sharing_enabled":true,"_links":{"self":[{"href":"https:\/\/www.colegiosansebastian.edu.gt\/index.php?rest_route=\/wp\/v2\/pages\/268","targetHints":{"allow":["GET"]}}],"collection":[{"href":"https:\/\/www.colegiosansebastian.edu.gt\/index.php?rest_route=\/wp\/v2\/pages"}],"about":[{"href":"https:\/\/www.colegiosansebastian.edu.gt\/index.php?rest_route=\/wp\/v2\/types\/page"}],"author":[{"embeddable":true,"href":"https:\/\/www.colegiosansebastian.edu.gt\/index.php?rest_route=\/wp\/v2\/users\/1"}],"replies":[{"embeddable":true,"href":"https:\/\/www.colegiosansebastian.edu.gt\/index.php?rest_route=%2Fwp%2Fv2%2Fcomments&post=268"}],"version-history":[{"count":56,"href":"https:\/\/www.colegiosansebastian.edu.gt\/index.php?rest_route=\/wp\/v2\/pages\/268\/revisions"}],"predecessor-version":[{"id":1294,"href":"https:\/\/www.colegiosansebastian.edu.gt\/index.php?rest_route=\/wp\/v2\/pages\/268\/revisions\/1294"}],"wp:attachment":[{"href":"https:\/\/www.colegiosansebastian.edu.gt\/index.php?rest_route=%2Fwp%2Fv2%2Fmedia&parent=268"}],"curies":[{"name":"wp","href":"https:\/\/api.w.org\/{rel}","templated":true}]}}