{"id":266,"date":"2020-06-25T21:44:15","date_gmt":"2020-06-25T21:44:15","guid":{"rendered":"https:\/\/www.colegiosansebastian.edu.gt\/?page_id=266"},"modified":"2026-01-07T11:12:19","modified_gmt":"2026-01-07T17:12:19","slug":"inicio","status":"publish","type":"page","link":"https:\/\/www.colegiosansebastian.edu.gt\/","title":{"rendered":"Inicio"},"content":{"rendered":"<\/div><\/div><\/div><!-- close content main div --><\/div><\/div><div id='av-layout-grid-1' class='av-layout-grid-container entry-content-wrapper main_color av-flex-cells    container_wrap sidebar_right'   >\n<div class=\"flex_cell no_margin av_one_full   \" style='vertical-align:top; padding:0px 0px 0px 0px ; '><div class='flex_cell_inner' ><section class=\"avia_codeblock_section  avia_code_block_0\"  itemscope=\"itemscope\" itemtype=\"https:\/\/schema.org\/CreativeWork\" ><div class='avia_codeblock '  itemprop=\"text\" > [avia_codeblock_placeholder uid=\"0\"] <\/div><\/section>\n<\/div><\/div>\n<\/div>\n<\/div><\/div><\/div><!-- close content main div --><\/div><\/div><div id='av-layout-grid-2' class='av-layout-grid-container entry-content-wrapper main_color av-flex-cells    container_wrap sidebar_right'   >\n<div class=\"flex_cell no_margin av_one_half    \" style='vertical-align:top; padding:0px 60px 0px 60px ; background-color:#ffffff; '><div class='flex_cell_inner' ><div class=\"flex_column av_one_full  av-animated-generic left-to-right  flex_column_div first   \" style='padding:10px 0px 20px 0px ; background-color:#fffffffff; border-radius:0px; '><p><section class=\"av_textblock_section \"  itemscope=\"itemscope\" itemtype=\"https:\/\/schema.org\/CreativeWork\" ><div class='avia_textblock  av_inherit_color '  style='font-size:18px; color:#000000; '  itemprop=\"text\" ><p><!--\u2013\n\n\n\n\n\n\n\n\n<div align=\"justify\">\n\n \u2013--><\/p>\n<h1><strong>Quienes somos<\/strong><\/h1>\n<p>Somos un proyecto educativo privado con una tradici\u00f3n de <strong>90 a\u00f1os<\/strong> al servicio de Guatemala. Nos dedicamos a la formaci\u00f3n integral de ni\u00f1os y adolescentes desde un modelo educativo constructivista. Promovemos una educaci\u00f3n que fortalece los valores cristiano cat\u00f3licos, las capacidades y destrezas necesarias para el desarrollo profesional en el siglo XXI.<\/p>\n<p><!--\u2013<\/div>\n\n\n\n\n\n\n\n\n\u2013--><\/p>\n<\/div><\/section><br \/>\n<div class='avia-button-wrap avia-button-center  '><a href='https:\/\/www.colegiosansebastian.edu.gt\/?page_id=595' class='avia-button av-icon-on-hover  avia-icon_select-yes-right-icon avia-color-red avia-size-medium avia-position-center '   ><span class='avia_iconbox_title' >VER M\u00c1S<\/span><span class='avia_button_icon avia_button_icon_right' aria-hidden='true' data-av_icon='\ue881' data-av_iconfont='entypo-fontello'><\/span><\/a><\/div><\/p><\/div>\n<\/div><\/div><div class=\"flex_cell no_margin av_one_half    \" style='vertical-align:top; padding:0px 0px 0px 0px ; background-color:#ffffff; '><div class='flex_cell_inner' ><div class=\"flex_column av_one_full  av-animated-generic left-to-right  flex_column_div first   \" style='padding:10px 60px 20px 10px ; background-color:#fffffffff; border-radius:0px; '><p><section class=\"av_textblock_section \"  itemscope=\"itemscope\" itemtype=\"https:\/\/schema.org\/CreativeWork\" ><div class='avia_textblock  av_inherit_color '  style='font-size:18px; color:#000000; '  itemprop=\"text\" ><p><!--\u2013\n\n\n\n\n\n\n\n\n<div align=\"justify\">\n\n \u2013--><\/p>\n<h1><strong>Escuela para Padres<\/strong><\/h1>\n<p>Iniciamos este programa en el a\u00f1o 2015, con el objetivo de promover los espacios reflexivos con los padres de familia, sobre la importancia del acompa\u00f1amiento en los procesos de aprendizaje de sus hijos y fortalecer su desarrollo cognitivo, emocional y social; adicionalmente buscamos dotar a los participantes de principios te\u00f3ricos y pr\u00e1cticos para lograr una sana convivencia en casa, la cual se reflejar\u00e1 en el ambiente educativo y nos permitir\u00e1 construir nuevos aprendizajes.<\/p>\n<p><!--\u2013<\/div>\n\n\n\n\n\n\n\n\n\u2013--><\/p>\n<\/div><\/section><br \/>\n<div class='avia-button-wrap avia-button-center  '><a href='https:\/\/www.colegiosansebastian.edu.gt\/?page_id=337' class='avia-button av-icon-on-hover  avia-icon_select-yes-right-icon avia-color-red avia-size-medium avia-position-center '   ><span class='avia_iconbox_title' >VER M\u00c1S<\/span><span class='avia_button_icon avia_button_icon_right' aria-hidden='true' data-av_icon='\ue881' data-av_iconfont='entypo-fontello'><\/span><\/a><\/div><\/p><\/div>\n<\/div><\/div>\n<\/div>\n<\/div><\/div><\/div><!-- close content main div --><\/div><\/div><div id='av-layout-grid-3' class='av-layout-grid-container entry-content-wrapper main_color av-flex-cells    container_wrap sidebar_right'   >\n<div class=\"flex_cell no_margin av_one_full   av-zero-padding \" style='height:450px; min-height:450px;background-image:url(https:\/\/i0.wp.com\/www.colegiosansebastian.edu.gt\/wp-content\/uploads\/2020\/06\/fondo-admisiones.jpg?fit=1920%2C697&ssl=1); background-position:top center; background-repeat:no-repeat; background-attachment:fixed; vertical-align:top; padding:0px; '><div class='flex_cell_inner' ><p><div class=\"flex_column av_one_fifth  flex_column_div av-zero-column-padding first  \" style='border-radius:0px; '><\/div><div class=\"flex_column av_three_fifth  flex_column_div av-zero-column-padding   \" style='border-radius:0px; '><p><div style='height:50px' class='hr hr-invisible  '><span class='hr-inner ' ><span class='hr-inner-style'><\/span><\/span><\/div><br \/>\n<section class=\"av_textblock_section \"  itemscope=\"itemscope\" itemtype=\"https:\/\/schema.org\/CreativeWork\" ><div class='avia_textblock  av_inherit_color '  style='font-size:22px; color:#f8f8f8; '  itemprop=\"text\" ><h1 style=\"text-align: center; font-size: 50px;\"><strong>ADMISIONES<\/strong> 2026<\/h1>\n<p style=\"text-align: center;\">Nuestro pensum est\u00e1 regido con base a la propuesta del Ministerio de Educaci\u00f3n y fortalecido por \u00e1reas pr\u00e1cticas, valores morales y religiosos, as\u00ed como tecnolog\u00eda y programas para la estimulaci\u00f3n cognitiva.<\/p>\n<p style=\"text-align: center;\">Contamos con laboratorios de Computaci\u00f3n, Biolog\u00eda y Qu\u00edmica.<\/p>\n<p style=\"text-align: center;\">Hacemos uso de la plataforma Compartir de Santillana y Google Classroom.<\/p>\n<\/div><\/section><br \/>\n<div class='avia-button-wrap avia-button-center  '><a href='https:\/\/www.colegiosansebastian.edu.gt\/?page_id=1785' class='avia-button av-icon-on-hover  avia-icon_select-yes-right-icon avia-color-light avia-size-medium avia-position-center '   ><span class='avia_iconbox_title' >VER M\u00c1S<\/span><span class='avia_button_icon avia_button_icon_right' aria-hidden='true' data-av_icon='\ue881' data-av_iconfont='entypo-fontello'><\/span><\/a><\/div><\/p><\/div><div class=\"flex_column av_one_fifth  flex_column_div av-zero-column-padding   \" style='border-radius:0px; '><\/div><\/p>\n<\/div><\/div><\/div><\/div><\/div><\/div><!-- close content main div --><\/div><\/div><div id='av-layout-grid-4' class='av-layout-grid-container entry-content-wrapper main_color av-flex-cells    container_wrap sidebar_right'   >\n<div class=\"flex_cell no_margin av_one_half    \" style='vertical-align:top; padding:0px 60px 0px 60px ; background-color:#ffffff; '><div class='flex_cell_inner' ><div class=\"flex_column av_one_full  av-animated-generic left-to-right  flex_column_div first   \" style='padding:10px 10px 20px 0px ; background-color:#fffffffff; border-radius:0px; '><p><section class=\"av_textblock_section \"  itemscope=\"itemscope\" itemtype=\"https:\/\/schema.org\/CreativeWork\" ><div class='avia_textblock  av_inherit_color '  style='font-size:18px; color:#000000; '  itemprop=\"text\" ><p><!--\u2013\n\n\n\n\n\n\n\n\n<div align=\"justify\">\n\n \u2013--><\/p>\n<h1><strong>Programa de Orientaci\u00f3n Vocacional<\/strong><\/h1>\n<p><span style=\"color: #333333;\">Nuestro departamento de Psicolog\u00eda brinda el acompa\u00f1amiento y orientaci\u00f3n a nuestros alumnos del \u00faltimo a\u00f1o de diversificado, con el fin de que realicen una adecuada elecci\u00f3n de carrera, identificando sus habilidades, intereses y destrezas. \u00a0<\/span><\/p>\n<p><!--\u2013<\/div>\n\n\n\n\n\n\n\n\n\u2013--><\/p>\n<\/div><\/section><br \/>\n<div class='avia-button-wrap avia-button-center  '><a href='https:\/\/www.colegiosansebastian.edu.gt\/?page_id=337\/#progvoc' class='avia-button av-icon-on-hover  avia-icon_select-yes-right-icon avia-color-red avia-size-medium avia-position-center '   ><span class='avia_iconbox_title' >VER M\u00c1S<\/span><span class='avia_button_icon avia_button_icon_right' aria-hidden='true' data-av_icon='\ue881' data-av_iconfont='entypo-fontello'><\/span><\/a><\/div><\/p><\/div>\n<\/div><\/div><div class=\"flex_cell no_margin av_one_half    \" style='vertical-align:top; padding:0px 0px 0px 10px ; background-color:#ffffff; '><div class='flex_cell_inner' ><div class=\"flex_column av_one_full  av-animated-generic left-to-right  flex_column_div first   \" style='padding:10px 60px 20px 10px ; background-color:#fffffffff; border-radius:0px; '><p><section class=\"av_textblock_section \"  itemscope=\"itemscope\" itemtype=\"https:\/\/schema.org\/CreativeWork\" ><div class='avia_textblock  av_inherit_color '  style='font-size:18px; color:#000000; '  itemprop=\"text\" ><p><!--\u2013\n\n\n\n\n\n\n\n\n<div align=\"justify\">\n\n \u2013--><\/p>\n<h1><strong>Psicolog\u00eda en l\u00ednea<\/strong><\/h1>\n<p>Contamos con un espacio virtual que promueve la comunicaci\u00f3n y el aprendizaje en l\u00ednea, surgiendo de la necesidad de estar conectados en tiempos de COVID-19.\u00a0 Nos permite mantenernos cerca de nuestros alumnos y padres de familia, abordando temas de inter\u00e9s, compartiendo v\u00eddeos y recursos formativos seg\u00fan la edad y din\u00e1mica de nuestros alumnos.<\/p>\n<p><!--\u2013<\/div>\n\n\n\n\n\n\n\n\n\u2013--><\/p>\n<\/div><\/section><br \/>\n<div class='avia-button-wrap avia-button-center  '><a href='https:\/\/www.colegiosansebastian.edu.gt\/?page_id=337\/#psicolinea' class='avia-button av-icon-on-hover  avia-icon_select-yes-right-icon avia-color-red avia-size-medium avia-position-center '   ><span class='avia_iconbox_title' >VER M\u00c1S<\/span><span class='avia_button_icon avia_button_icon_right' aria-hidden='true' data-av_icon='\ue881' data-av_iconfont='entypo-fontello'><\/span><\/a><\/div><\/p><\/div>\n<\/div><\/div>\n<\/div><\/p>\n<\/div><\/div><\/div><!-- close content main div --><\/div><\/div><div id='av-layout-grid-5' class='av-layout-grid-container entry-content-wrapper main_color av-flex-cells    container_wrap sidebar_right'   >\n<div class=\"flex_cell no_margin av_one_full    \" style='vertical-align:middle; padding:30px 60px 30px 60px ; '><div class='flex_cell_inner' ><section class=\"av_textblock_section \"  itemscope=\"itemscope\" itemtype=\"https:\/\/schema.org\/CreativeWork\" ><div class='avia_textblock  '  style='font-size:18px; '  itemprop=\"text\" ><p style=\"text-align: left;\"><span style=\"color: #333333;\">En todos nuestros niveles contamos con el apoyo<br \/>\n<\/span><span style=\"color: #333333;\">de recursos educativos y tecnol\u00f3gicos:<\/span><\/p>\n<\/div><\/section><br \/>\n<section class=\"av_textblock_section \"  itemscope=\"itemscope\" itemtype=\"https:\/\/schema.org\/CreativeWork\" ><div class='avia_textblock  '  style='font-size:16px; '  itemprop=\"text\" ><\/div><\/section><br \/>\n<div class=\"flex_column av_one_fifth  flex_column_div first   \" style='padding:0px 0px 0px 60px ; border-radius:0px; '><div class='avia-image-container  av-styling-     avia-align-center '  itemscope=\"itemscope\" itemtype=\"https:\/\/schema.org\/ImageObject\"  ><div class='avia-image-container-inner'><img class='avia_image ' src='https:\/\/i0.wp.com\/www.colegiosansebastian.edu.gt\/wp-content\/uploads\/2020\/07\/Logo-TOMi-con-mano-1.png?fit=300%2C109&ssl=1' alt='' title=''   itemprop=\"thumbnailUrl\"  \/><\/div><\/div><\/div><div class=\"flex_column av_one_fifth  flex_column_div av-zero-column-padding    \" style='border-radius:0px; '><div class='avia-image-container  av-styling-     avia-align-center '  itemscope=\"itemscope\" itemtype=\"https:\/\/schema.org\/ImageObject\"  ><div class='avia-image-container-inner'><img class='avia_image ' src='https:\/\/i0.wp.com\/www.colegiosansebastian.edu.gt\/wp-content\/uploads\/2020\/07\/compartir-gt.png?fit=269%2C54&ssl=1' alt='' title='compartir-gt'   itemprop=\"thumbnailUrl\"  \/><\/div><\/div><\/div><div class=\"flex_column av_one_fifth  flex_column_div av-zero-column-padding    \" style='border-radius:0px; '><div class='avia-image-container  av-styling-     avia-align-center '  itemscope=\"itemscope\" itemtype=\"https:\/\/schema.org\/ImageObject\"  ><div class='avia-image-container-inner'><img class='avia_image ' src='https:\/\/i0.wp.com\/www.colegiosansebastian.edu.gt\/wp-content\/uploads\/2020\/07\/g-clasroom.jpg?fit=300%2C101&ssl=1' alt='' title=''   itemprop=\"thumbnailUrl\"  \/><\/div><\/div><\/div><div class=\"flex_column av_one_fifth  flex_column_div av-zero-column-padding   \" style='border-radius:0px; '><div class='avia-image-container  av-styling-     avia-align-center '  itemscope=\"itemscope\" itemtype=\"https:\/\/schema.org\/ImageObject\"  ><div class='avia-image-container-inner'><img class='avia_image ' src='https:\/\/i0.wp.com\/www.colegiosansebastian.edu.gt\/wp-content\/uploads\/2020\/07\/educarelogo512x179.png?fit=512%2C179&ssl=1' alt='' title=''   itemprop=\"thumbnailUrl\"  \/><\/div><\/div><\/div><div class=\"flex_column av_one_fifth  flex_column_div av-zero-column-padding   \" style='border-radius:0px; '><div class='avia-image-container  av-styling-     avia-align-center '  itemscope=\"itemscope\" itemtype=\"https:\/\/schema.org\/ImageObject\"  ><div class='avia-image-container-inner'><img class='avia_image ' src='https:\/\/i0.wp.com\/www.colegiosansebastian.edu.gt\/wp-content\/uploads\/2020\/07\/intelecto1.png?fit=300%2C102&ssl=1' alt='' title=''   itemprop=\"thumbnailUrl\"  \/><\/div><\/div><\/div><div class=\"flex_column av_one_fifth  flex_column_div av-zero-column-padding first  \" style='border-radius:0px; '><div class='avia-image-container  av-styling-     avia-align-center '  itemscope=\"itemscope\" itemtype=\"https:\/\/schema.org\/ImageObject\"  ><div class='avia-image-container-inner'><img class='avia_image ' src='https:\/\/i0.wp.com\/www.colegiosansebastian.edu.gt\/wp-content\/uploads\/2020\/07\/google-1.jpg?fit=300%2C187&ssl=1' alt='' title=''   itemprop=\"thumbnailUrl\"  \/><\/div><\/div><\/div><div class=\"flex_column av_one_fifth  flex_column_div av-zero-column-padding   \" style='border-radius:0px; '><div class='avia-image-container  av-styling-     avia-align-center '  itemscope=\"itemscope\" itemtype=\"https:\/\/schema.org\/ImageObject\"  ><div class='avia-image-container-inner'><img class='avia_image ' src='https:\/\/i0.wp.com\/www.colegiosansebastian.edu.gt\/wp-content\/uploads\/2020\/07\/Robotopia.png?fit=306%2C96&ssl=1' alt='' title=''   itemprop=\"thumbnailUrl\"  \/><\/div><\/div><\/div><div class=\"flex_column av_one_fifth  flex_column_div av-zero-column-padding   \" style='border-radius:0px; '><div class='avia-image-container  av-styling-     avia-align-center '  itemscope=\"itemscope\" itemtype=\"https:\/\/schema.org\/ImageObject\"  ><div class='avia-image-container-inner'><img class='avia_image ' src='https:\/\/i0.wp.com\/www.colegiosansebastian.edu.gt\/wp-content\/uploads\/2020\/07\/intellectus.png?fit=302%2C101&ssl=1' alt='' title=''   itemprop=\"thumbnailUrl\"  \/><\/div><\/div><\/div><div class=\"flex_column av_one_fifth  flex_column_div    \" style='padding:0px 0px 0px 0px ; border-radius:0px; '><div class='avia-image-container  av-styling-     avia-align-center '  itemscope=\"itemscope\" itemtype=\"https:\/\/schema.org\/ImageObject\"  ><div class='avia-image-container-inner'><img class='avia_image ' src='https:\/\/i0.wp.com\/www.colegiosansebastian.edu.gt\/wp-content\/uploads\/2020\/07\/logo_color_swonline.png?fit=300%2C102&ssl=1' alt='' title=''   itemprop=\"thumbnailUrl\"  \/><\/div><\/div><\/div><div class=\"flex_column av_one_fifth  flex_column_div av-zero-column-padding   \" style='border-radius:0px; '><div class='avia-image-container  av-styling-     avia-align-center '  itemscope=\"itemscope\" itemtype=\"https:\/\/schema.org\/ImageObject\"  ><div class='avia-image-container-inner'><img class='avia_image ' src='https:\/\/i0.wp.com\/www.colegiosansebastian.edu.gt\/wp-content\/uploads\/2020\/07\/infortec.png?fit=292%2C144&ssl=1' alt='' title=''   itemprop=\"thumbnailUrl\"  \/><\/div><\/div><\/div><section class=\"av_textblock_section \"  itemscope=\"itemscope\" itemtype=\"https:\/\/schema.org\/CreativeWork\" ><div class='avia_textblock  '  style='font-size:12px; '  itemprop=\"text\" ><p style=\"text-align: center;\">Todos los logotipos mostrados tienen marca registrada \u00ae de sus propietarios.<\/p>\n<\/div><\/section><\/p>\n<\/div><\/div>\n<\/div>\n","protected":false},"excerpt":{"rendered":"","protected":false},"author":1,"featured_media":0,"parent":0,"menu_order":0,"comment_status":"closed","ping_status":"closed","template":"","meta":{"bgseo_title":"","bgseo_description":"","bgseo_robots_index":"index","bgseo_robots_follow":"follow","_exactmetrics_skip_tracking":false,"_exactmetrics_sitenote_active":false,"_exactmetrics_sitenote_note":"","_exactmetrics_sitenote_category":0,"footnotes":""},"class_list":["post-266","page","type-page","status-publish","hentry"],"jetpack_sharing_enabled":true,"_links":{"self":[{"href":"https:\/\/www.colegiosansebastian.edu.gt\/index.php?rest_route=\/wp\/v2\/pages\/266","targetHints":{"allow":["GET"]}}],"collection":[{"href":"https:\/\/www.colegiosansebastian.edu.gt\/index.php?rest_route=\/wp\/v2\/pages"}],"about":[{"href":"https:\/\/www.colegiosansebastian.edu.gt\/index.php?rest_route=\/wp\/v2\/types\/page"}],"author":[{"embeddable":true,"href":"https:\/\/www.colegiosansebastian.edu.gt\/index.php?rest_route=\/wp\/v2\/users\/1"}],"replies":[{"embeddable":true,"href":"https:\/\/www.colegiosansebastian.edu.gt\/index.php?rest_route=%2Fwp%2Fv2%2Fcomments&post=266"}],"version-history":[{"count":97,"href":"https:\/\/www.colegiosansebastian.edu.gt\/index.php?rest_route=\/wp\/v2\/pages\/266\/revisions"}],"predecessor-version":[{"id":2346,"href":"https:\/\/www.colegiosansebastian.edu.gt\/index.php?rest_route=\/wp\/v2\/pages\/266\/revisions\/2346"}],"wp:attachment":[{"href":"https:\/\/www.colegiosansebastian.edu.gt\/index.php?rest_route=%2Fwp%2Fv2%2Fmedia&parent=266"}],"curies":[{"name":"wp","href":"https:\/\/api.w.org\/{rel}","templated":true}]}}