{"id":2289,"date":"2025-05-13T12:33:44","date_gmt":"2025-05-13T18:33:44","guid":{"rendered":"https:\/\/www.colegiosansebastian.edu.gt\/?page_id=2289"},"modified":"2025-05-13T12:41:23","modified_gmt":"2025-05-13T18:41:23","slug":"admisiones-2025","status":"publish","type":"page","link":"https:\/\/www.colegiosansebastian.edu.gt\/?page_id=2289","title":{"rendered":"Admisiones 2025"},"content":{"rendered":"<\/div><\/div><\/div><!-- close content main div --><\/div><\/div><div id='av-layout-grid-1' class='av-layout-grid-container entry-content-wrapper main_color av-flex-cells    container_wrap sidebar_right'   >\n<div class=\"flex_cell no_margin av_one_full    av-zero-padding \" style='vertical-align:top; padding:0px; '><div class='flex_cell_inner' ><div class='avia-image-container  av-styling-     avia-align-center '  itemscope=\"itemscope\" itemtype=\"https:\/\/schema.org\/ImageObject\"  ><div class='avia-image-container-inner'><img class='avia_image ' src='https:\/\/i0.wp.com\/www.colegiosansebastian.edu.gt\/wp-content\/uploads\/2020\/07\/Sprint-2-Completo.png?fit=1920%2C223&ssl=1' alt='' title=''   itemprop=\"thumbnailUrl\"  \/><\/div><\/div>\n<\/div><\/div>\n<\/div>\n<\/div><\/div><\/div><!-- close content main div --><\/div><\/div><div id='av-layout-grid-2' class='av-layout-grid-container entry-content-wrapper main_color av-flex-cells    container_wrap sidebar_right'   >\n<div class=\"flex_cell no_margin av_one_half    \" style='vertical-align:top; padding:60px 60px 0px 120px ; '><div class='flex_cell_inner' ><section class=\"av_textblock_section \"  itemscope=\"itemscope\" itemtype=\"https:\/\/schema.org\/CreativeWork\" ><div class='avia_textblock  '  style='font-size:20px; '  itemprop=\"text\" ><p><span style=\"color: #000000;\">Si deseas pertenecer a nuestra comunidad educativa, tus padres y t\u00fa deben tomar en cuenta lo siguiente:<\/span><\/p>\n<ul>\n<li><span style=\"color: #000000;\">Ser afines y respetar los principios y valores del Colegio.<\/span><\/li>\n<li><span style=\"color: #000000;\">Aceptar las normas y reglamento interno.<\/span><\/li>\n<li><span style=\"color: #000000;\">Ser practicantes de la Religi\u00f3n Cat\u00f3lica.<\/span><\/li>\n<li><span style=\"color: #000000;\">Tus padres deben asistir a las reuniones a las que se les convoca para darle seguimiento al proceso de aprendizaje.<\/span><\/li>\n<li><span style=\"color: #000000;\">Participar en el programa de Escuela para Padres.<\/span><\/li>\n<li><span style=\"color: #000000;\">Tener carta de buena conducta de la instituci\u00f3n de donde vienes.<\/span><\/li>\n<li><span style=\"color: #000000;\">Cumplir con el proceso de admisi\u00f3n.<\/span><\/li>\n<\/ul>\n<\/div><\/section>\n<\/div><\/div><div class=\"flex_cell no_margin av_one_half    \" style='vertical-align:top; padding:0px 60px 0px 30px ; '><div class='flex_cell_inner' ><div class='avia-image-container avia_animated_image avia_animate_when_almost_visible av-rotateIn av-styling-     avia-align-center '  itemscope=\"itemscope\" itemtype=\"https:\/\/schema.org\/ImageObject\"  ><div class='avia-image-container-inner'><img class='avia_image ' src='https:\/\/i0.wp.com\/www.colegiosansebastian.edu.gt\/wp-content\/uploads\/2020\/07\/Admisiones.jpg?fit=890%2C1199&ssl=1' alt='' title=''   itemprop=\"thumbnailUrl\"  \/><\/div><\/div>\n<\/div><\/div>\n<\/div>\n<\/div><\/div><\/div><!-- close content main div --><\/div><\/div><div id='av-layout-grid-3' class='av-layout-grid-container entry-content-wrapper main_color av-flex-cells    container_wrap sidebar_right'   >\n<div class=\"flex_cell no_margin av_one_full   \" style='background-image:url(https:\/\/i0.wp.com\/www.colegiosansebastian.edu.gt\/wp-content\/uploads\/2020\/06\/fondo-admisiones.jpg?fit=1920%2C697&ssl=1); background-position:top left; background-repeat:no-repeat; background-attachment:fixed; vertical-align:top; padding:30px; '><div class='flex_cell_inner' ><p><div class=\"flex_column av_one_fourth  flex_column_div av-zero-column-padding first  \" style='border-radius:0px; '><\/div><div class=\"flex_column av_one_fourth  flex_column_div av-zero-column-padding   \" style='border-radius:0px; '><\/div><div class=\"flex_column av_one_fourth  flex_column_div av-zero-column-padding   \" style='border-radius:0px; '><\/div><div class=\"flex_column av_one_fourth  flex_column_div av-zero-column-padding   \" style='border-radius:0px; '><section class=\"av_textblock_section \"  itemscope=\"itemscope\" itemtype=\"https:\/\/schema.org\/CreativeWork\" ><div class='avia_textblock  '   itemprop=\"text\" ><h1><span style=\"color: #ffffff;\"><strong>\u00abEducar sin religi\u00f3n es edificar sin cimientos\u00bb<\/strong><\/span><\/h1>\n<p><em><span style=\"color: #ffffff;\">Monse\u00f1or Mariano Rossell y Arellano<\/span><\/em><\/p>\n<\/div><\/section><\/div><\/p>\n<\/div><\/div>\n<\/div>\n<\/div><\/div><\/div><!-- close content main div --><\/div><\/div><div id='av-layout-grid-4' class='av-layout-grid-container entry-content-wrapper main_color av-flex-cells    container_wrap sidebar_right'   >\n<div class=\"flex_cell no_margin av_one_full   \" ><div class='flex_cell_inner' ><section class=\"av_textblock_section \"  itemscope=\"itemscope\" itemtype=\"https:\/\/schema.org\/CreativeWork\" ><div class='avia_textblock  '   itemprop=\"text\" ><h1>Proceso de Admisi\u00f3n:<\/h1>\n<\/div><\/section>\n<\/div><\/div>\n<\/div>\n<\/div><\/div><\/div><!-- close content main div --><\/div><\/div><div id='av-layout-grid-5' class='av-layout-grid-container entry-content-wrapper main_color av-flex-cells    container_wrap sidebar_right'   >\n<div class=\"flex_cell no_margin av_one_half   \" style='vertical-align:top; padding:30px 60px 30px 60px ; background-color:#f2f2f2; '><div class='flex_cell_inner' ><section class=\"av_textblock_section \"  itemscope=\"itemscope\" itemtype=\"https:\/\/schema.org\/CreativeWork\" ><div class='avia_textblock  av_inherit_color '  style='font-size:18px; '  itemprop=\"text\" ><h2><span style=\"color: #0000ff;\">Primera fase<\/span><\/h2>\n<ol>\n<li>\n<div>\n<ul>\n<li><span style=\"color: #000000;\"><span style=\"color: #000000;\"><span class=\"gmail_default\">Debes tener aprobado el grado inmediato anterior.\u00a0<\/span><span class=\"gmail_default\">Descarga el documento PDF que contiene toda la informaci\u00f3n o bien solic\u00edtalo en el correo <a style=\"color: #000000;\" href=\"mailto:informacion@colegiosansebastian.edu.gt\" target=\"_blank\" rel=\"noopener\">informacion@<wbr \/>colegiosansebastian.edu.gt<\/a> o bien por medio de nuestro <a href=\"https:\/\/api.whatsapp.com\/send?phone=50242183478\">Whatsapp<\/a>.<\/span><\/span><\/span><\/li>\n<li><span class=\"gmail_default\" style=\"color: #000000;\">Para iniciar tu proceso debes enviar al correo\u00a0<a style=\"color: #000000;\" href=\"mailto:admisiones@colegiosansebastian.edu.gt\" target=\"_blank\" rel=\"noopener\">admisiones@<wbr \/>colegiosansebastian.edu.gt<\/a>\u00a0los siguientes documentos:\u00a0<\/span><\/li>\n<\/ul>\n<\/div>\n<div>\n<ul>\n<li style=\"list-style-type: none;\">\n<ul>\n<li><span class=\"gmail_default\" style=\"color: #000000;\">Solicitud de admisi\u00f3n\u00a0<\/span><\/li>\n<li><span class=\"gmail_default\" style=\"color: #000000;\">Constancia de pago de la evaluaci\u00f3n diagn\u00f3stica<\/span><\/li>\n<li><span class=\"gmail_default\" style=\"color: #000000;\">Copia del certificado de nacimiento del estudiante (no es necesario que sea reciente).\u00a0<\/span><\/li>\n<li><span class=\"gmail_default\" style=\"color: #000000;\">Copia de las boletas de calificaciones de los dos \u00faltimos a\u00f1os, con membrete y sello de la instituci\u00f3n educativa.\u00a0<\/span><\/li>\n<li><span class=\"gmail_default\" style=\"color: #000000;\">Certificado de buena conducta\u00a0 extendido por la instituci\u00f3n\u00a0<\/span><\/li>\n<li><span class=\"gmail_default\" style=\"color: #000000;\">Solvencia de pagos extendida por la instituci\u00f3n\u00a0<\/span><\/li>\n<li><span class=\"gmail_default\" style=\"color: #000000;\">Formulario de referencia escolar<\/span><\/li>\n<\/ul>\n<\/li>\n<\/ul>\n<\/div>\n<\/li>\n<\/ol>\n<\/div><\/section>\n<\/div><\/div><div class=\"flex_cell no_margin av_one_half   \" style='vertical-align:top; padding:30px 60px 30px 60px ; background-color:#f2f2f2; '><div class='flex_cell_inner' ><section class=\"av_textblock_section \"  itemscope=\"itemscope\" itemtype=\"https:\/\/schema.org\/CreativeWork\" ><div class='avia_textblock  '   itemprop=\"text\" ><h2><\/h2>\n<h2><\/h2>\n<h2><span style=\"color: #3366ff;\">Segunda Fase<\/span><\/h2>\n<ol>\n<li>\n<div>\n<ul>\n<li><span class=\"gmail_default\" style=\"color: #000000;\">Cuando el colegio reciba los documentos, recibir\u00e1s un correo electr\u00f3nico para confirmar la hora y fecha de tu entrevista.\u00a0<\/span><\/li>\n<li><span class=\"gmail_default\" style=\"color: #000000;\">El d\u00eda de la entrevista se realizar\u00e1 la evaluaci\u00f3n diagn\u00f3stica\u00a0(no es necesario estudiar alguna gu\u00eda, el contenido de la misma es del grado anterior\u00a0al que solicita.\u00a0<\/span><\/li>\n<li><span class=\"gmail_default\" style=\"color: #000000;\">Los resultados ser\u00e1n entregados por la direcci\u00f3n en una fecha indicada al finalizar la entrevista.\u00a0<\/span><\/li>\n<\/ul>\n<\/div>\n<div><span class=\"gmail_default\" style=\"color: #000000;\">\u00a0<\/span><\/div>\n<div><span class=\"gmail_default\" style=\"color: #000000;\">NOTA: Si los documentos est\u00e1n\u00a0incompletos no se proceder\u00e1 con la admisi\u00f3n.\u00a0<\/span><\/div>\n<\/li>\n<\/ol>\n<\/div><\/section>\n<\/div><\/div><\/div><\/div><\/div><\/div><!-- close content main div --><\/div><\/div><div id='av-layout-grid-6' class='av-layout-grid-container entry-content-wrapper main_color av-flex-cells    container_wrap sidebar_right'   >\n<div class=\"flex_cell no_margin av_one_full   \" ><div class='flex_cell_inner' ><section class=\"av_textblock_section \"  itemscope=\"itemscope\" itemtype=\"https:\/\/schema.org\/CreativeWork\" ><div class='avia_textblock  '   itemprop=\"text\" ><h1 id=\"contactanos\">Cont\u00e1ctanos:<\/h1>\n<\/div><\/section>\n<\/div><\/div>\n<\/div><\/p>\n<\/div><\/div><\/div><!-- close content main div --><\/div><\/div><div id='av-layout-grid-7' class='av-layout-grid-container entry-content-wrapper main_color av-flex-cells    container_wrap sidebar_right'   >\n<div class=\"flex_cell no_margin av_one_half   \" style='vertical-align:top; padding:30px 60px 30px 60px ; background-color:#f2f2f2; '><div class='flex_cell_inner' ><form action=\"https:\/\/www.colegiosansebastian.edu.gt\/?page_id=2289\" method=\"post\"  class=\"avia_ajax_form av-form-labels-visible    av-custom-form-color av-dark-form \" data-avia-form-id=\"1\" data-avia-redirect=''><fieldset><h3>Solicitud de Informaci\u00f3n para Admisi\u00f3n<\/h3><p class=' first_form  form_element form_fullwidth' id='element_avia_1_1'><label for=\"avia_1_1\">Nombre y Apellido <abbr class=\"required\" title=\"required\">*<\/abbr><\/label> <input name=\"avia_1_1\" class=\"text_input is_empty\" type=\"text\" id=\"avia_1_1\" value=\"\" \/><\/p><p class=' first_form  form_element form_fullwidth' id='element_avia_2_1'><label for=\"avia_2_1\">Correo electr\u00f3nico <abbr class=\"required\" title=\"required\">*<\/abbr><\/label> <input name=\"avia_2_1\" class=\"text_input is_email\" type=\"text\" id=\"avia_2_1\" value=\"\" \/><\/p><p class=' first_form  form_element form_fullwidth' id='element_avia_3_1'><label for=\"avia_3_1\">Asunto <abbr class=\"required\" title=\"required\">*<\/abbr><\/label> <input name=\"avia_3_1\" class=\"text_input is_empty\" type=\"text\" id=\"avia_3_1\" value=\"\" \/><\/p><p class=' first_form  form_element form_fullwidth av-last-visible-form-element' id='element_avia_4_1'>\t <label for=\"avia_4_1\" class=\"textare_label hidden textare_label_avia_4_1\">Mensaje <abbr class=\"required\" title=\"required\">*<\/abbr><\/label>\t <textarea  name=\"avia_4_1\" class=\"text_area is_empty\" cols=\"40\" rows=\"7\" id=\"avia_4_1\" ><\/textarea><\/p><p class=\"hidden\"><input type=\"text\" name=\"avia_5_1\" class=\"hidden \" id=\"avia_5_1\" value=\"\" \/><\/p><p class=\"form_element \"><input type=\"hidden\" value=\"1\" name=\"avia_generated_form1\" \/><input type=\"submit\" value=\"Enviar\" class=\"button\"  data-sending-label=\"Enviando\"\/><\/p><\/fieldset><\/form><div id=\"ajaxresponse_1\" class=\"ajaxresponse ajaxresponse_1 hidden\"><\/div>\n<\/div><\/div><div class=\"flex_cell no_margin av_one_half   \" style='vertical-align:top; padding:30px 60px 30px 60px ; background-color:#f2f2f2; '><div class='flex_cell_inner' ><\/div><\/div>\n<\/div>\n","protected":false},"excerpt":{"rendered":"","protected":false},"author":1,"featured_media":0,"parent":0,"menu_order":0,"comment_status":"closed","ping_status":"closed","template":"","meta":{"bgseo_title":"","bgseo_description":"","bgseo_robots_index":"index","bgseo_robots_follow":"follow","_exactmetrics_skip_tracking":false,"_exactmetrics_sitenote_active":false,"_exactmetrics_sitenote_note":"","_exactmetrics_sitenote_category":0,"footnotes":""},"class_list":["post-2289","page","type-page","status-publish","hentry"],"jetpack_sharing_enabled":true,"_links":{"self":[{"href":"https:\/\/www.colegiosansebastian.edu.gt\/index.php?rest_route=\/wp\/v2\/pages\/2289","targetHints":{"allow":["GET"]}}],"collection":[{"href":"https:\/\/www.colegiosansebastian.edu.gt\/index.php?rest_route=\/wp\/v2\/pages"}],"about":[{"href":"https:\/\/www.colegiosansebastian.edu.gt\/index.php?rest_route=\/wp\/v2\/types\/page"}],"author":[{"embeddable":true,"href":"https:\/\/www.colegiosansebastian.edu.gt\/index.php?rest_route=\/wp\/v2\/users\/1"}],"replies":[{"embeddable":true,"href":"https:\/\/www.colegiosansebastian.edu.gt\/index.php?rest_route=%2Fwp%2Fv2%2Fcomments&post=2289"}],"version-history":[{"count":3,"href":"https:\/\/www.colegiosansebastian.edu.gt\/index.php?rest_route=\/wp\/v2\/pages\/2289\/revisions"}],"predecessor-version":[{"id":2294,"href":"https:\/\/www.colegiosansebastian.edu.gt\/index.php?rest_route=\/wp\/v2\/pages\/2289\/revisions\/2294"}],"wp:attachment":[{"href":"https:\/\/www.colegiosansebastian.edu.gt\/index.php?rest_route=%2Fwp%2Fv2%2Fmedia&parent=2289"}],"curies":[{"name":"wp","href":"https:\/\/api.w.org\/{rel}","templated":true}]}}