{"id":1088,"date":"2020-07-17T11:45:42","date_gmt":"2020-07-17T17:45:42","guid":{"rendered":"https:\/\/www.colegiosansebastian.edu.gt\/?page_id=1088"},"modified":"2020-07-27T18:37:10","modified_gmt":"2020-07-28T00:37:10","slug":"banda-marcial","status":"publish","type":"page","link":"https:\/\/www.colegiosansebastian.edu.gt\/?page_id=1088","title":{"rendered":"Banda Marcial"},"content":{"rendered":"<\/div><\/div><\/div><!-- close content main div --><\/div><\/div><div id='av-layout-grid-1' class='av-layout-grid-container entry-content-wrapper main_color av-flex-cells     container_wrap sidebar_right'   >\n<div class=\"flex_cell no_margin av_one_full    av-zero-padding \" style='vertical-align:top; padding:0px; '><div class='flex_cell_inner' ><p><div class='avia-image-container  av-styling-     avia-align-center '  itemscope=\"itemscope\" itemtype=\"https:\/\/schema.org\/ImageObject\"  ><div class='avia-image-container-inner'><img class='avia_image ' src='https:\/\/i0.wp.com\/www.colegiosansebastian.edu.gt\/wp-content\/uploads\/2020\/07\/BANDA-MARCIAL-HEADER.jpg?fit=1995%2C398&ssl=1' alt='BANDA MARCIAL San Sebastian' title=''   itemprop=\"thumbnailUrl\"  \/><\/div><\/div><br \/>\n<section class=\"av_textblock_section \"  itemscope=\"itemscope\" itemtype=\"https:\/\/schema.org\/CreativeWork\" ><div class='avia_textblock  '   itemprop=\"text\" ><h1><\/h1>\n<h1 style=\"text-align: center;\"><span style=\"color: #3366ff;\">HISTORIA DE LA BANDA MARCIAL<\/span><\/h1>\n<h3 style=\"text-align: center;\"><span style=\"color: #3366ff;\">\u201cPATRIMONIO CULTURAL DE LA NACION\u201d<\/span><\/h3>\n<\/div><\/section><\/p>\n<\/div><\/div>\n<\/div>\n<\/div><\/div><\/div><!-- close content main div --><\/div><\/div><div id='av-layout-grid-2' class='av-layout-grid-container entry-content-wrapper main_color av-flex-cells    container_wrap sidebar_right'   >\n<div class=\"flex_cell no_margin av_one_full    \" style='vertical-align:top; padding:10px; '><div class='flex_cell_inner' ><p><div class=\"flex_column av_one_half  no_margin flex_column_div first   \" style='padding:0px 0px 0px 60px ; border-radius:0px; '><section class=\"av_textblock_section \"  itemscope=\"itemscope\" itemtype=\"https:\/\/schema.org\/CreativeWork\" ><div class='avia_textblock  '  style='font-size:18px; '  itemprop=\"text\" ><p><span style=\"color: #333333;\">Durante sus 80 a\u00f1os de vida, nuestra \u201cBanda Marcial del Blanco Batall\u00f3n\u201d se ha destacado en todas sus presentaciones, todo gracias al sacrificio y entusiasmo de nuestros alumnos que con el af\u00e1n de superaci\u00f3n dedicaron y dedican su tiempo libre al estudio de la m\u00fasica con el fin de poder ser parte del, cada d\u00eda, m\u00e1s famoso grupo escolar musical en Guatemala.<\/span><\/p>\n<p><span style=\"color: #333333;\">Esta se form\u00f3 en el a\u00f1o 1940, a\u00f1o que el fundador del colegio, Monse\u00f1or Mariano Rossell y Arellano obtuvo unos instrumentos musicales para dar oportunidad a los alumnos a que aprendieran m\u00fasica. De la mano de su primer director musical, el maestro Jos\u00e9 Arce y don Rafael Chapas maestro para instrumentos de madera, comenzaron a ense\u00f1ar solfeo y las t\u00e9cnicas necesarias para interpretar instrumentos, todos sus integrantes eran del nivel primario.<\/span><\/p>\n<p><span style=\"color: #333333;\">Su primer presentaci\u00f3n fue el 18 de julio de 1941, fecha de cumplea\u00f1os de Monse\u00f1or Rossell y su primer interpretaci\u00f3n fue el vals \u201cLa flor del caf\u00e9\u201d.<\/span><\/p>\n<p><span style=\"color: #333333;\">Los directores y maestros que han dejado sus ense\u00f1anzas y composiciones a trav\u00e9s de los a\u00f1os son: Jos\u00e9 Arce, Rafael Chapas H., Rafael Guti\u00e9rrez, Efra\u00edn Flores, Felipe de Jes\u00fas Ortega, Roberto Abdo Zibara, Mariano de Jes\u00fas D\u00edaz Bueso, Benigno Mej\u00eda, Rafa\u00e9l Garc\u00eda Reynolds, Hugo Ju\u00e1rez, Carlos Rodas, Arnoldo S\u00e1enz, Angel Flores, Jos\u00e9 Gonzalo Arag\u00f3n y su actual director, el maestro Enrique Uribe Veliz.<\/span><\/p>\n<p><span style=\"color: #333333;\">Su repertorio est\u00e1 formado por m\u00e1s de 900 obras nacionales y extranjeras de distinta \u00edndole; lo conforma: m\u00fasica cl\u00e1sica, mazurcas, valses, marchas militares, marchas f\u00fanebres, m\u00fasica navide\u00f1a, m\u00fasica popular, etc.<\/span><\/p>\n<\/div><\/section><\/div><div class=\"flex_column av_one_half  no_margin flex_column_div    \" style='padding:0px 0px 0px 60px ; border-radius:0px; '><div class='avia-image-container avia_animated_image avia_animate_when_almost_visible right-to-left av-styling-     avia-align-center '  itemscope=\"itemscope\" itemtype=\"https:\/\/schema.org\/ImageObject\"  ><div class='avia-image-container-inner'><img class='avia_image ' src='https:\/\/i0.wp.com\/www.colegiosansebastian.edu.gt\/wp-content\/uploads\/2020\/07\/BANDA-MARCIAL1.png?fit=500%2C690&ssl=1' alt='' title='BANDA-MARCIAL1'   itemprop=\"thumbnailUrl\"  \/><\/div><\/div><\/div><\/p>\n<\/div><\/div>\n<\/div>\n<\/div><\/div><\/div><!-- close content main div --><\/div><\/div><div id='av-layout-grid-3' class='av-layout-grid-container entry-content-wrapper main_color av-flex-cells    container_wrap sidebar_right'   >\n<div class=\"flex_cell no_margin av_one_full    \" style='vertical-align:top; padding:10px; background-color:#d8d8d8; '><div class='flex_cell_inner' ><p><div class=\"flex_column av_one_half  no_margin flex_column_div first   \" style='padding:0px 0px 0px 60px ; border-radius:0px; '><p><div class='avia-image-container avia_animated_image avia_animate_when_almost_visible left-to-right av-styling-     avia-align-center '  itemscope=\"itemscope\" itemtype=\"https:\/\/schema.org\/ImageObject\"  ><div class='avia-image-container-inner'><img class='avia_image ' src='https:\/\/i0.wp.com\/www.colegiosansebastian.edu.gt\/wp-content\/uploads\/2020\/07\/BANDA-MARCIAL2.png?fit=500%2C335&ssl=1' alt='BANDA MARCIAL San Sebasti\u00e1n' title=''   itemprop=\"thumbnailUrl\"  \/><\/div><\/div><br \/>\n<div class='avia-image-container avia_animated_image avia_animate_when_almost_visible left-to-right av-styling-     avia-align-center '  itemscope=\"itemscope\" itemtype=\"https:\/\/schema.org\/ImageObject\"  ><div class='avia-image-container-inner'><img class='avia_image ' src='https:\/\/i0.wp.com\/www.colegiosansebastian.edu.gt\/wp-content\/uploads\/2020\/07\/BANDA-MARCIAL3.png?fit=500%2C335&ssl=1' alt='BANDA MARCIAL San Sebasti\u00e1n' title=''   itemprop=\"thumbnailUrl\"  \/><\/div><\/div><\/p><\/div><div class=\"flex_column av_one_half  no_margin flex_column_div    \" style='padding:0px 60px 0px 60px ; border-radius:0px; '><section class=\"av_textblock_section \"  itemscope=\"itemscope\" itemtype=\"https:\/\/schema.org\/CreativeWork\" ><div class='avia_textblock  '  style='font-size:18px; '  itemprop=\"text\" ><p><span style=\"color: #333333;\">Sus presentaciones musicales, a\u00f1o tras a\u00f1o, han sido numerosas y variadas como: conciertos de gala, inauguraciones de impacto nacional y local, conciertos de m\u00fasica sacra f\u00fanebre, acompa\u00f1amiento a cortejos procesionales f\u00fanebres y festivos, desfiles, festivales de m\u00fasica escolar, entre otros.<\/span><\/p>\n<p><span style=\"color: #333333;\">Algunas de sus presentaciones hist\u00f3ricas son: el 14 de septiembre de los a\u00f1os 1953 y 1954, junto a la Banda Sinf\u00f3nica Marcial de Guatemala interpretaron la m\u00fasica propia de los actos de Izada del Pabell\u00f3n Nacional a las seis de la tarde, ambas bajo la direcci\u00f3n del maestro Rafael Guti\u00e9rrez; quien desde el a\u00f1o 1955 acompa\u00f1a al cortejo procesional de Jes\u00fas de Candelaria cada Jueves Santo hasta la fecha; de igual forma al cortejo procesional de Jes\u00fas de la Merced, Se\u00f1or Sepultado de Santo Domingo, Jes\u00fas Nazareno de la Parroquia Vieja, entre otros.\u00a0 Procesiones de Corpus Cristi, en la consagraci\u00f3n de la Bas\u00edlica de Esquipulas, Chiquimula en el a\u00f1o de 1961, participa interpretando m\u00fasica en los estudios de canal 3 en el programa \u201cGuate Linda\u201d en 1975, grabaci\u00f3n de un disco de larga duraci\u00f3n en el a\u00f1o 1980 y un concierto en el Gran Teatro Nacional Miguel \u00c1ngel Asturias por conmemorarse las bodas de oro de la radio nacional\u00a0 TGW.<\/span><\/p>\n<p><span style=\"color: #333333;\">El notable crecimiento del alumnado por el gusto musical motiv\u00f3 a los maestros a prepararles, fue as\u00ed como el maestro Jos\u00e9 Gonzalo Arag\u00f3n, a mediados de la d\u00e9cada de los a\u00f1os 70 crea nuestra \u201cBanda Marcial Peque\u00f1a\u201d, la misma con la finalidad de atender a los alumnos m\u00e1s peque\u00f1os y principiantes que aspiraban estar en el grupo mayor; los mismos reciben orientaciones de solfeo y t\u00e9cnica de instrumento con los maestros encargados.<\/span><\/p>\n<\/div><\/section><\/div><\/p>\n<\/div><\/div>\n<\/div>\n<\/div><\/div><\/div><!-- close content main div --><\/div><\/div><div id='av-layout-grid-4' class='av-layout-grid-container entry-content-wrapper main_color av-flex-cells    container_wrap sidebar_right'   >\n<div class=\"flex_cell no_margin av_one_full    \" style='vertical-align:top; padding:10px; '><div class='flex_cell_inner' ><p><div class=\"flex_column av_one_half  no_margin flex_column_div first   \" style='padding:0px 0px 0px 60px ; border-radius:0px; '><section class=\"av_textblock_section \"  itemscope=\"itemscope\" itemtype=\"https:\/\/schema.org\/CreativeWork\" ><div class='avia_textblock  '  style='font-size:18px; '  itemprop=\"text\" ><p><span style=\"color: #333333;\">Los maestros que han impartido sus conocimientos durante la existencia de nuestra Banda Marcial Peque\u00f1a son: Jos\u00e9 Gonz\u00e1lo Arag\u00f3n, Hugo Ju\u00e1rez, \u00c1ngel Flores, Carlos Rodas, Luis Christian Rodr\u00edguez, Ovidio L\u00f3pez, Alfonso Colindres, Ellen Yol, H\u00e9ctor Maldonado, Sebasti\u00e1n Ch\u00e1vez, Enrique Uribe y su actual director el maestro Juan Antonio Ram\u00edrez.<\/span><\/p>\n<p><span style=\"color: #333333;\">En el a\u00f1o de 1981 nuestra Banda Marcial presidi\u00f3 el acto de imposici\u00f3n de la Orden del Quetzal al Pabell\u00f3n del Colegio y en el mes de julio un concierto homenaje al colegio San Jos\u00e9 de los Infantes por aniversario de su fundaci\u00f3n; en 1983 participa en las actividades programadas con motivo de la visita de San Juan Pablo II a Guatemala, desde el a\u00f1o 1984 ha sido la Banda Oficial en los actos de inauguraci\u00f3n del movimiento Juventud del Colegio Salesiano Don Bosco.<\/span><\/p>\n<p><span style=\"color: #333333;\">En la d\u00e9cada de los a\u00f1os 90, nuestra Banda Marcial cumpli\u00f3 sus Bodas de Oro, motivo por el cual, junto a otras conmemoraciones del colegio, se organiz\u00f3 el primer festival de bandas de Guatemala realizado en el Estadio Nacional Doroteo Guamuch Flores en el mes de julio.\u00a0 En el a\u00f1o de 1995 particip\u00f3 en el desfile navide\u00f1o de Hollywood, Estados Unidos en el mes de diciembre.\u00a0 Ya en los tiempos modernos, nuestra Banda Marcial participa en distintos eventos centroamericanos en Managua, Nicaragua y\u00a0 Palmares, Costa Rica.<\/span><\/p>\n<\/div><\/section><\/div><div class=\"flex_column av_one_half  no_margin flex_column_div    \" style='padding:30px 0px 0px 30px ; border-radius:0px; '><div class='avia-image-container avia_animated_image avia_animate_when_almost_visible right-to-left av-styling-     avia-align-center '  itemscope=\"itemscope\" itemtype=\"https:\/\/schema.org\/ImageObject\"  ><div class='avia-image-container-inner'><img class='avia_image ' src='https:\/\/i0.wp.com\/www.colegiosansebastian.edu.gt\/wp-content\/uploads\/2020\/07\/BANDA-MARCIAL4.png?fit=500%2C500&ssl=1' alt='BANDA MARCIAL San Sebasti\u00e1n' title=''   itemprop=\"thumbnailUrl\"  \/><\/div><\/div><\/div><\/p>\n<\/div><\/div><\/div><\/div><\/div><\/div><!-- close content main div --><\/div><\/div><div id='av-layout-grid-5' class='av-layout-grid-container entry-content-wrapper main_color av-flex-cells    container_wrap sidebar_right'   >\n<div class=\"flex_cell no_margin av_one_third    \" style='vertical-align:top; padding:30px 30px 30px 60px ; background-color:#0084d5; '><div class='flex_cell_inner' ><section class=\"av_textblock_section \"  itemscope=\"itemscope\" itemtype=\"https:\/\/schema.org\/CreativeWork\" ><div class='avia_textblock  '   itemprop=\"text\" ><p><span style=\"color: #ffffff;\">Sin duda, el galard\u00f3n m\u00e1s importante recibido ha sido el nombramiento: <\/span><\/p>\n<blockquote>\n<p><span style=\"color: #ffffff;\">Patrimonio Cultural Intangible de la Naci\u00f3n seg\u00fan acuerdo ministerial 472-2005 del Ministerio de Cultura y Deportes el 9 de agosto del a\u00f1o 2005.<\/span><\/p>\n<\/blockquote>\n<\/div><\/section>\n<\/div><\/div><div class=\"flex_cell no_margin av_two_third    \" style='vertical-align:top; padding:30px; background-color:#0084d5; '><div class='flex_cell_inner' ><section class=\"avia_codeblock_section  avia_code_block_0\"  itemscope=\"itemscope\" itemtype=\"https:\/\/schema.org\/CreativeWork\" ><div class='avia_codeblock '  itemprop=\"text\" > [avia_codeblock_placeholder uid=\"0\"] <\/div><\/section>\n<\/div><\/div>\n<\/div><\/p>\n","protected":false},"excerpt":{"rendered":"","protected":false},"author":1,"featured_media":0,"parent":0,"menu_order":0,"comment_status":"closed","ping_status":"closed","template":"","meta":{"bgseo_title":"","bgseo_description":"","bgseo_robots_index":"index","bgseo_robots_follow":"follow","_exactmetrics_skip_tracking":false,"_exactmetrics_sitenote_active":false,"_exactmetrics_sitenote_note":"","_exactmetrics_sitenote_category":0,"footnotes":""},"class_list":["post-1088","page","type-page","status-publish","hentry"],"jetpack_sharing_enabled":true,"_links":{"self":[{"href":"https:\/\/www.colegiosansebastian.edu.gt\/index.php?rest_route=\/wp\/v2\/pages\/1088","targetHints":{"allow":["GET"]}}],"collection":[{"href":"https:\/\/www.colegiosansebastian.edu.gt\/index.php?rest_route=\/wp\/v2\/pages"}],"about":[{"href":"https:\/\/www.colegiosansebastian.edu.gt\/index.php?rest_route=\/wp\/v2\/types\/page"}],"author":[{"embeddable":true,"href":"https:\/\/www.colegiosansebastian.edu.gt\/index.php?rest_route=\/wp\/v2\/users\/1"}],"replies":[{"embeddable":true,"href":"https:\/\/www.colegiosansebastian.edu.gt\/index.php?rest_route=%2Fwp%2Fv2%2Fcomments&post=1088"}],"version-history":[{"count":18,"href":"https:\/\/www.colegiosansebastian.edu.gt\/index.php?rest_route=\/wp\/v2\/pages\/1088\/revisions"}],"predecessor-version":[{"id":1420,"href":"https:\/\/www.colegiosansebastian.edu.gt\/index.php?rest_route=\/wp\/v2\/pages\/1088\/revisions\/1420"}],"wp:attachment":[{"href":"https:\/\/www.colegiosansebastian.edu.gt\/index.php?rest_route=%2Fwp%2Fv2%2Fmedia&parent=1088"}],"curies":[{"name":"wp","href":"https:\/\/api.w.org\/{rel}","templated":true}]}}